{"id":1005,"date":"2023-06-29T07:41:29","date_gmt":"2023-06-29T05:41:29","guid":{"rendered":"https:\/\/nova-energija.hr\/?page_id=1005"},"modified":"2025-04-01T20:29:43","modified_gmt":"2025-04-01T18:29:43","slug":"metavital-oberon","status":"publish","type":"page","link":"https:\/\/nova-energija.hr\/?page_id=1005","title":{"rendered":"METAVITAL, Oberon"},"content":{"rendered":"\n<p><strong><mark style=\"background-color:rgba(0, 0, 0, 0)\" class=\"has-inline-color has-blue-color\">METAVITAL &nbsp;HUMAN TS<\/mark><\/strong><\/p>\n\n\n\n<p><strong>INFORMACIJE ZA KLIJENTA<\/strong><strong><\/strong><\/p>\n\n\n\n<div class=\"wp-block-file\"><object class=\"wp-block-file__embed\" data=\"https:\/\/nova-energija.hr\/wp-content\/uploads\/2023\/10\/brosura-HR-Oberon.pdf\" type=\"application\/pdf\" style=\"width:100%;height:930px\" aria-label=\"Ugra\u0111eno bro\u0161ura HR-Oberon.\"><\/object><a id=\"wp-block-file--media-10d71450-555e-4efe-add3-9684d5a80d45\" href=\"https:\/\/nova-energija.hr\/wp-content\/uploads\/2023\/10\/brosura-HR-Oberon.pdf\">bro\u0161ura HR-Oberon<\/a><a href=\"https:\/\/nova-energija.hr\/wp-content\/uploads\/2023\/10\/brosura-HR-Oberon.pdf\" class=\"wp-block-file__button wp-element-button\" download aria-describedby=\"wp-block-file--media-10d71450-555e-4efe-add3-9684d5a80d45\">Preuzmi<\/a><\/div>\n\n\n\n<div class=\"wp-block-group is-vertical is-layout-flex wp-container-1\">\n<p class=\"has-text-align-left\">Do\u0107i do temeljnog uzroka, djeluju\u0107i izravno i ciljano. Tako danas funkcionira dobrobit: MNLS sustavi postavljaju nove standarde u neuropatiji.  Dijagnosti\u010dkom i terapijskom sustavu.<\/p>\n<\/div>\n\n\n\n<figure class=\"wp-block-image size-full\"><a href=\"https:\/\/nova-energija.hr\/wp-content\/uploads\/2023\/06\/systembild_humants_grossneu-1024x391-1.jpg\"><img decoding=\"async\" loading=\"lazy\" width=\"1024\" height=\"391\" src=\"https:\/\/nova-energija.hr\/wp-content\/uploads\/2023\/06\/systembild_humants_grossneu-1024x391-1.jpg\" alt=\"\" class=\"wp-image-991\" srcset=\"https:\/\/nova-energija.hr\/wp-content\/uploads\/2023\/06\/systembild_humants_grossneu-1024x391-1.jpg 1024w, https:\/\/nova-energija.hr\/wp-content\/uploads\/2023\/06\/systembild_humants_grossneu-1024x391-1-300x115.jpg 300w, https:\/\/nova-energija.hr\/wp-content\/uploads\/2023\/06\/systembild_humants_grossneu-1024x391-1-768x293.jpg 768w, https:\/\/nova-energija.hr\/wp-content\/uploads\/2023\/06\/systembild_humants_grossneu-1024x391-1-624x238.jpg 624w\" sizes=\"(max-width: 1024px) 100vw, 1024px\" \/><\/a><\/figure>\n\n\n\n<p><strong>Mjerenja do najdubljih struktura.<\/strong><\/p>\n\n\n\n<div class=\"wp-block-group is-vertical is-layout-flex wp-container-2\">\n<p>Metavital HUMAN sustav omogu\u0107uje mjerenja od organa na najvi\u0161oj razini do dubokih struktura sustava sintetizacijeadenozintrifosfata. Na taj se na\u010din bolesti ne mogu lije\u010diti samo povr\u0161no, ve\u0107 se mogu uo\u010diti izravno u njihovom podrijetlu, a lije\u010denje se mo\u017ee zapo\u010deti u najdubljoj strukturi.<\/p>\n<\/div>\n\n\n\n<p><strong>Skenirati<\/strong><\/p>\n\n\n\n<div class=\"wp-block-group is-vertical is-layout-flex wp-container-3\">\n<p>Skeniranje s METAVITAL HUMAN provodi se Posebnim slu\u0161alicama sa senzorima okida\u010da biofotona. <\/p>\n\n\n\n<p>Virtualne slike organa prikazuju rezultate skeniranja na zaslonu ra\u010dunala.<\/p>\n<\/div>\n\n\n\n<figure class=\"wp-block-image size-large\"><a href=\"https:\/\/nova-energija.hr\/wp-content\/uploads\/2023\/06\/Publikation1.jpg\"><img decoding=\"async\" loading=\"lazy\" width=\"1024\" height=\"512\" src=\"https:\/\/nova-energija.hr\/wp-content\/uploads\/2023\/06\/Publikation1-1024x512.jpg\" alt=\"\" class=\"wp-image-993\" srcset=\"https:\/\/nova-energija.hr\/wp-content\/uploads\/2023\/06\/Publikation1-1024x512.jpg 1024w, https:\/\/nova-energija.hr\/wp-content\/uploads\/2023\/06\/Publikation1-300x150.jpg 300w, https:\/\/nova-energija.hr\/wp-content\/uploads\/2023\/06\/Publikation1-768x384.jpg 768w, https:\/\/nova-energija.hr\/wp-content\/uploads\/2023\/06\/Publikation1-624x312.jpg 624w, https:\/\/nova-energija.hr\/wp-content\/uploads\/2023\/06\/Publikation1.jpg 1122w\" sizes=\"(max-width: 1024px) 100vw, 1024px\" \/><\/a><\/figure>\n\n\n\n<p><strong>Dijagnostika<\/strong><\/p>\n\n\n\n<div class=\"wp-block-group is-vertical is-layout-flex wp-container-4\">\n<p>Na temelju slika organa i sveobuhvatne baze podataka, va\u0161 terapeut ili savjetnik mo\u017ee odmah u\u010ditati rezultate i o njima izravno s Vama prodiskutirati.<\/p>\n<\/div>\n\n\n\n<figure class=\"wp-block-embed is-type-video is-provider-youtube wp-block-embed-youtube wp-embed-aspect-16-9 wp-has-aspect-ratio\"><div class=\"wp-block-embed__wrapper\">\n<iframe loading=\"lazy\" title=\"Oberon: DIJAGNOSTIKA 1 od 2, 04\/2024\" width=\"625\" height=\"352\" src=\"https:\/\/www.youtube.com\/embed\/b3F_GpVx5g0?feature=oembed\" frameborder=\"0\" allow=\"accelerometer; autoplay; clipboard-write; encrypted-media; gyroscope; picture-in-picture; web-share\" referrerpolicy=\"strict-origin-when-cross-origin\" allowfullscreen><\/iframe>\n<\/div><\/figure>\n\n\n\n<p><strong>Plan terapije \u2013 priprema<\/strong><\/p>\n\n\n\n<p>Ve\u0107 na prvom tretmanu mo\u017eete, izme\u0111u ostalog, dobiti popis hrane i pripravaka \u2013 te detaljnu preporuku i savjete.<\/p>\n\n\n\n<figure class=\"wp-block-image size-full\"><a href=\"https:\/\/nova-energija.hr\/wp-content\/uploads\/2023\/06\/topbild_human_ts-1024x498-1.png\"><img decoding=\"async\" loading=\"lazy\" width=\"1024\" height=\"498\" src=\"https:\/\/nova-energija.hr\/wp-content\/uploads\/2023\/06\/topbild_human_ts-1024x498-1.png\" alt=\"\" class=\"wp-image-994\" srcset=\"https:\/\/nova-energija.hr\/wp-content\/uploads\/2023\/06\/topbild_human_ts-1024x498-1.png 1024w, https:\/\/nova-energija.hr\/wp-content\/uploads\/2023\/06\/topbild_human_ts-1024x498-1-300x146.png 300w, https:\/\/nova-energija.hr\/wp-content\/uploads\/2023\/06\/topbild_human_ts-1024x498-1-768x374.png 768w, https:\/\/nova-energija.hr\/wp-content\/uploads\/2023\/06\/topbild_human_ts-1024x498-1-624x303.png 624w\" sizes=\"(max-width: 1024px) 100vw, 1024px\" \/><\/a><\/figure>\n\n\n\n<figure class=\"wp-block-embed is-type-video is-provider-youtube wp-block-embed-youtube wp-embed-aspect-16-9 wp-has-aspect-ratio\"><div class=\"wp-block-embed__wrapper\">\n<iframe loading=\"lazy\" title=\"OBERON: Terapija 2 od 2, 04\/2024\" width=\"625\" height=\"352\" src=\"https:\/\/www.youtube.com\/embed\/4Acq8vqUNO4?feature=oembed\" frameborder=\"0\" allow=\"accelerometer; autoplay; clipboard-write; encrypted-media; gyroscope; picture-in-picture; web-share\" referrerpolicy=\"strict-origin-when-cross-origin\" allowfullscreen><\/iframe>\n<\/div><\/figure>\n\n\n\n<p><strong>\u0160to je informacijska medicina?<\/strong><strong><\/strong><\/p>\n\n\n\n<div class=\"wp-block-group is-vertical is-layout-flex wp-container-5\">\n<p>Stanice, tkiva i organi imaju vrlo individualnu frekvenciju. Emitiraju te primaju vibracije iz drugih stanica. Ta razmjena informacija omogu\u0107uje, npr. Da se izme\u0111u organa tj. zdravstvenog stanja \u0161alju podaci strukture i funkcije.<\/p>\n<\/div>\n\n\n\n<div class=\"wp-block-group is-vertical is-layout-flex wp-container-6\">\n<p>Ako je ova komunikacija poreme\u0107ena, mo\u017ee se razviti bolest simptomi su posljedica takvog poreme\u0107enog informacijskog procesa. Kao orkestar koji vi\u0161e ne svira skladno zajedno.<\/p>\n<\/div>\n\n\n\n<div class=\"wp-block-group is-vertical is-layout-flex wp-container-7\">\n<p>Cilj je stvoriti sklad i vratiti izgubljeni poredak. Umjesto zamjene instrumenata ili izostavljanja nekih, glazbenici \u0107e biti obu\u010deni na ponovnu suradnju kako bi ponovo svirali skladnu melodiju.<\/p>\n<\/div>\n\n\n\n<div class=\"wp-block-group is-vertical is-layout-flex wp-container-8\">\n<p>Pozitivne misli i osje\u0107aji, prirodna prehrana, vje\u017ebanje i sport, meditacije ili MNLS sustavi tvrtke Metavital mogu biti pomo\u0107i organizmu da ponovo uvje\u017eba zvuk i vrati se u sklad.<\/p>\n<\/div>\n\n\n\n<div class=\"wp-block-group is-vertical is-layout-flex wp-container-9\">\n<p>Kontaktirajte nas i raspitajte se o brojnim mogu\u0107nostima za va\u0161e zdravlje pomo\u0107u METAVITAL HUMAN sustava.<\/p>\n<\/div>\n\n\n\n<p><strong>MNLS sustav<\/strong><strong><\/strong><\/p>\n\n\n\n<p><strong>METAVITAL HUMAN<\/strong><\/p>\n\n\n\n<div class=\"wp-block-group is-vertical is-layout-flex wp-container-10\">\n<p>je daljnji razvoj OBERON@ sustava. U svijet je 2006. godine uvedena jedinstvena tehnologija temeljena na biofotonu koja je zamijenila metodu elektromagnetskog mjerenja. METAVITAL HUMAN je certificirani sustav za informacijsku medicinsku dijagnostiku i terapiju.<\/p>\n<\/div>\n\n\n\n<p><strong>\u0160to su MNLS sustavi?<\/strong><\/p>\n\n\n\n<div class=\"wp-block-group is-vertical is-layout-flex wp-container-11\">\n<p>Sustavi &#8220;Vi\u0161edimenzionalne nelinearne spektrografije&#8221; (skra\u0107eno MNLS) linije proizvoda METAVITAL HUMAN, medicinski su Certificirani sustavi koji se koriste za informacijsku medicinu te razvijenu dijagnostiku i terapiju.<\/p>\n<\/div>\n\n\n\n<div class=\"wp-block-group is-vertical is-layout-flex wp-container-12\">\n<p>Oni omogu\u0107uju pogled na strukturno i funkcionalno stanje organskih sustava kroz odabrane organe sve do unutra\u0161njosti stanice.<\/p>\n<\/div>\n\n\n\n<div class=\"wp-block-group is-vertical is-layout-flex wp-container-13\">\n<p>Uz pomo\u0107 sveobuhvatne baze podataka, mo\u017eemo reagirati i ciljano odgovoriti na posebna pitanja, npr. nakon kontaminacije (biljke, te\u0161ki metali, kemikalije, elektrosmog, geopatija), psiholo\u0161ko stanje ili netolerancije na hranu.<\/p>\n<\/div>\n\n\n\n<figure class=\"wp-block-image size-large\"><a href=\"https:\/\/nova-energija.hr\/wp-content\/uploads\/2023\/06\/Bild1.png\"><img decoding=\"async\" loading=\"lazy\" width=\"1024\" height=\"568\" src=\"https:\/\/nova-energija.hr\/wp-content\/uploads\/2023\/06\/Bild1-1024x568.png\" alt=\"\" class=\"wp-image-995\" srcset=\"https:\/\/nova-energija.hr\/wp-content\/uploads\/2023\/06\/Bild1-1024x568.png 1024w, https:\/\/nova-energija.hr\/wp-content\/uploads\/2023\/06\/Bild1-300x167.png 300w, https:\/\/nova-energija.hr\/wp-content\/uploads\/2023\/06\/Bild1-768x426.png 768w, https:\/\/nova-energija.hr\/wp-content\/uploads\/2023\/06\/Bild1-624x346.png 624w, https:\/\/nova-energija.hr\/wp-content\/uploads\/2023\/06\/Bild1.png 1117w\" sizes=\"(max-width: 1024px) 100vw, 1024px\" \/><\/a><\/figure>\n\n\n\n<p><strong>Metavital<\/strong><\/p>\n\n\n\n<p>Dijagnosti\u010dki i terapijski sustavi<\/p>\n\n\n\n<p><strong>Va\u0161a prednost zdravstvenih savjeta s Metavital Human<\/strong><\/p>\n\n\n\n<ul>\n<li>Ugodna i brza analiza.<\/li>\n\n\n\n<li>Pronala\u017eenje uzroka umjesto suzbijanja simptoma.<\/li>\n\n\n\n<li>Razumljivi rezultati kroz detaljne i smislene slike.<\/li>\n\n\n\n<li>Skra\u0107ivanje vremena i tro\u0161kova ciljanim pregledom.<\/li>\n\n\n\n<li>Ispitivanje u\u010dinka pripravaka.<\/li>\n\n\n\n<li>Izrada pojedina\u010dnog popisa hrane<\/li>\n<\/ul>\n\n\n\n<figure class=\"wp-block-embed is-type-video is-provider-youtube wp-block-embed-youtube wp-embed-aspect-16-9 wp-has-aspect-ratio\"><div class=\"wp-block-embed__wrapper\">\n<iframe loading=\"lazy\" title=\"METAVITAL Human TS\" width=\"625\" height=\"352\" src=\"https:\/\/www.youtube.com\/embed\/ka1ukU7JYsk?feature=oembed\" frameborder=\"0\" allow=\"accelerometer; autoplay; clipboard-write; encrypted-media; gyroscope; picture-in-picture; web-share\" referrerpolicy=\"strict-origin-when-cross-origin\" allowfullscreen><\/iframe>\n<\/div><\/figure>\n\n\n\n<figure class=\"wp-block-embed is-type-video is-provider-youtube wp-block-embed-youtube wp-embed-aspect-16-9 wp-has-aspect-ratio\"><div class=\"wp-block-embed__wrapper\">\n<iframe loading=\"lazy\" title=\"@ Oberon Metavital HUMAN TS dijagnostika kod psa preko dlaka.\" width=\"625\" height=\"352\" src=\"https:\/\/www.youtube.com\/embed\/-PUasQkx0Dg?feature=oembed\" frameborder=\"0\" allow=\"accelerometer; autoplay; clipboard-write; encrypted-media; gyroscope; picture-in-picture; web-share\" referrerpolicy=\"strict-origin-when-cross-origin\" allowfullscreen><\/iframe>\n<\/div><\/figure>\n\n\n\n<figure class=\"wp-block-embed is-type-video is-provider-youtube wp-block-embed-youtube wp-embed-aspect-16-9 wp-has-aspect-ratio\"><div class=\"wp-block-embed__wrapper\">\n<iframe loading=\"lazy\" title=\"dijagnostika i terapija pojedina\u010dnih organa s METAVITAL HUMAN TS: srce, mozga, crijevo, plu\u0107a...\" width=\"625\" height=\"352\" src=\"https:\/\/www.youtube.com\/embed\/NuOLUiRurQo?feature=oembed\" frameborder=\"0\" allow=\"accelerometer; autoplay; clipboard-write; encrypted-media; gyroscope; picture-in-picture; web-share\" referrerpolicy=\"strict-origin-when-cross-origin\" allowfullscreen><\/iframe>\n<\/div><\/figure>\n\n\n\n<p>Cjenik:<\/p>\n\n\n\n<p><strong>MetaVital Human TS<\/strong> \u2013 Oberon<\/p>\n\n\n\n<p>Dijagnostika, istra\u017eivanje i terapija &#8211; cijelog tijela, uklju\u010duje i ljekovita sredstva 250,00 \u20acura.<\/p>\n\n\n\n<p>Dijagnostika, istra\u017eivanje i terapija \u2013 pojedina\u010dnih organa obra\u010dunam po jedinici od 10 minuta, cijena jedinice 20,00 \u20acura.<\/p>\n\n\n\n<p>Programiranje ljekovita sredstva (na kapi ili \u010dip) 20,00 \u20acura, na poludragi kamen 20,00 \u20ac + cijena nakita.<\/p>\n\n\n\n<p>Balansiranje tijela od strane sistema 120,00 \u20acura. Uklju\u010duje<\/p>\n\n\n\n<p>raport\/izvje\u0161taj i preporuka prehrane.<\/p>\n\n\n\n<p>Raport-izvje\u0161taj&nbsp; \u0161aljem na WhatsApp ili Viper u formatu Word ili PDF na njema\u010dkom jeziku!<\/p>\n","protected":false},"excerpt":{"rendered":"<p>METAVITAL &nbsp;HUMAN TS INFORMACIJE ZA KLIJENTA Do\u0107i do temeljnog uzroka, djeluju\u0107i izravno i ciljano. Tako danas funkcionira dobrobit: MNLS sustavi postavljaju nove standarde u neuropatiji. Dijagnosti\u010dkom i terapijskom sustavu. Mjerenja do najdubljih struktura. Metavital HUMAN sustav omogu\u0107uje mjerenja od organa na najvi\u0161oj razini do dubokih struktura sustava sintetizacijeadenozintrifosfata. Na taj se na\u010din bolesti ne mogu [&hellip;]<\/p>\n","protected":false},"author":2,"featured_media":0,"parent":0,"menu_order":0,"comment_status":"closed","ping_status":"closed","template":"","meta":{"ngg_post_thumbnail":0},"_links":{"self":[{"href":"https:\/\/nova-energija.hr\/index.php?rest_route=\/wp\/v2\/pages\/1005"}],"collection":[{"href":"https:\/\/nova-energija.hr\/index.php?rest_route=\/wp\/v2\/pages"}],"about":[{"href":"https:\/\/nova-energija.hr\/index.php?rest_route=\/wp\/v2\/types\/page"}],"author":[{"embeddable":true,"href":"https:\/\/nova-energija.hr\/index.php?rest_route=\/wp\/v2\/users\/2"}],"replies":[{"embeddable":true,"href":"https:\/\/nova-energija.hr\/index.php?rest_route=%2Fwp%2Fv2%2Fcomments&post=1005"}],"version-history":[{"count":11,"href":"https:\/\/nova-energija.hr\/index.php?rest_route=\/wp\/v2\/pages\/1005\/revisions"}],"predecessor-version":[{"id":1095,"href":"https:\/\/nova-energija.hr\/index.php?rest_route=\/wp\/v2\/pages\/1005\/revisions\/1095"}],"wp:attachment":[{"href":"https:\/\/nova-energija.hr\/index.php?rest_route=%2Fwp%2Fv2%2Fmedia&parent=1005"}],"curies":[{"name":"wp","href":"https:\/\/api.w.org\/{rel}","templated":true}]}}