{"id":46,"date":"2009-04-17T16:56:33","date_gmt":"2009-04-17T14:56:33","guid":{"rendered":"http:\/\/wordpress.boravak.hr\/?page_id=46"},"modified":"2022-11-28T20:34:26","modified_gmt":"2022-11-28T18:34:26","slug":"kontakt","status":"publish","type":"page","link":"https:\/\/nova-energija.hr\/?page_id=46","title":{"rendered":"Kontakt"},"content":{"rendered":"<h2>Dean Jambro\u0161i\u0107<\/h2>\n<h2><a href=\"https:\/\/nova-energija.hr\/wp-content\/uploads\/2018\/10\/20170826_123317-1.jpg\"><img decoding=\"async\" loading=\"lazy\" class=\"wp-image-673 size-medium alignright\" title=\"dean\" src=\"https:\/\/nova-energija.hr\/wp-content\/uploads\/2018\/10\/20170826_123317-1-270x300.jpg\" alt=\"\" width=\"270\" height=\"300\" srcset=\"https:\/\/nova-energija.hr\/wp-content\/uploads\/2018\/10\/20170826_123317-1-270x300.jpg 270w, https:\/\/nova-energija.hr\/wp-content\/uploads\/2018\/10\/20170826_123317-1-768x852.jpg 768w, https:\/\/nova-energija.hr\/wp-content\/uploads\/2018\/10\/20170826_123317-1-923x1024.jpg 923w, https:\/\/nova-energija.hr\/wp-content\/uploads\/2018\/10\/20170826_123317-1.jpg 969w\" sizes=\"(max-width: 270px) 100vw, 270px\" \/><\/a><\/h2>\n<h2>Energetska medicina<\/h2>\n<h5>&nbsp;<\/h5>\n<h2 style=\"text-align: center;\"><strong>Ordinacija<\/strong><\/h2>\n<h2 style=\"text-align: center;\"><strong>Zvir 2, Mihovljan<\/strong><br \/>\n<strong>40 000 \u010cakovec<\/strong><\/h2>\n<h2 style=\"text-align: center;\"><span style=\"color: #008000;\"><strong>Mobitel:<\/strong><\/span>&nbsp;098\/164 5791<br \/>\n<span style=\"color: #008000;\"><strong>E-mail:<\/strong><\/span>&nbsp;<a href=\"mailto: info@nova-energija.hr\">info@nova-energija.hr<\/a><\/h2>\n<h5 style=\"text-align: center;\"><div role=\"form\" class=\"wpcf7\" id=\"wpcf7-f519-o1\" dir=\"ltr\">\n<div class=\"screen-reader-response\"><\/div>\n<form action=\"\/index.php?rest_route=%2Fwp%2Fv2%2Fpages%2F46#wpcf7-f519-o1\" method=\"post\" class=\"wpcf7-form\" novalidate=\"novalidate\">\n<div style=\"display: none;\">\n<input type=\"hidden\" name=\"_wpcf7\" value=\"519\" \/>\n<input type=\"hidden\" name=\"_wpcf7_version\" value=\"5.1.4\" \/>\n<input type=\"hidden\" name=\"_wpcf7_locale\" value=\"\" \/>\n<input type=\"hidden\" name=\"_wpcf7_unit_tag\" value=\"wpcf7-f519-o1\" \/>\n<input type=\"hidden\" name=\"_wpcf7_container_post\" value=\"0\" \/>\n<\/div>\n<p>Va\u0161e ime (obavezno)<br \/>\n    <span class=\"wpcf7-form-control-wrap your-name\"><input type=\"text\" name=\"your-name\" value=\"\" size=\"40\" class=\"wpcf7-form-control wpcf7-text wpcf7-validates-as-required\" aria-required=\"true\" aria-invalid=\"false\" \/><\/span> <\/p>\n<p>Va\u0161 Email (obavezno)<br \/>\n    <span class=\"wpcf7-form-control-wrap your-email\"><input type=\"email\" name=\"your-email\" value=\"\" size=\"40\" class=\"wpcf7-form-control wpcf7-text wpcf7-email wpcf7-validates-as-required wpcf7-validates-as-email\" aria-required=\"true\" aria-invalid=\"false\" \/><\/span> <\/p>\n<p>Predmet<br \/>\n    <span class=\"wpcf7-form-control-wrap your-subject\"><input type=\"text\" name=\"your-subject\" value=\"\" size=\"40\" class=\"wpcf7-form-control wpcf7-text\" aria-invalid=\"false\" \/><\/span> <\/p>\n<p>Va\u0161a Poruka<br \/>\n    <span class=\"wpcf7-form-control-wrap your-message\"><textarea name=\"your-message\" cols=\"40\" rows=\"10\" class=\"wpcf7-form-control wpcf7-textarea\" aria-invalid=\"false\"><\/textarea><\/span> <\/p>\n<p><input type=\"submit\" value=\"Po\u0161alji\" class=\"wpcf7-form-control wpcf7-submit\" \/><\/p>\n<div class=\"wpcf7-response-output wpcf7-display-none\"><\/div><\/form><\/div><\/h5>\n<h5>&nbsp;<\/h5>\n<h3>Starigrad &#8211; Seline<\/h3>\n<h3><span style=\"font-size: small;\"><span style=\"font-family: Arial;\">Put Jurlina 12,<br \/>\n23244 Starigrad &#8211; Seline<\/span><\/span><\/h3>\n<h5>&nbsp;<\/h5>\n<h5>Njema\u010dka<\/h5>\n<h5>70327 Stuttgart<\/h5>\n<h5>&nbsp;<\/h5>\n<h2><strong>POLITIKA PRIVATNOSTI<\/strong><\/h2>\n<h5><strong>Nova<\/strong> energija<strong> d.o.o.,<\/strong> Prvomajska<strong> 23, Mihovljan, \u010cakovec<\/strong><\/h5>\n<h5>Politikom privatnosti Nova energija d.o.o. Prvomajska 23, Mihovljan, \u010cakovec (nadalje Nova energija ili Dru\u0161tvo), kao voditelj obrade podataka, \u0161titi privatnost svojih klijenata i iskazuje brigu za njihove osobne podatke tragom Op\u0107e EU uredbe o za\u0161titi podatka 2016\/679\/EZ (Uredba) i Zakona o provedbi Op\u0107e uredbe o za\u0161titi podataka NN 42\/2018.<\/h5>\n<h5>Politikom privatnosti Dru\u0161tvo transparentno i javno objavljuje na\u010dine na koje obrade osobnih podataka provodi isklju\u010divo prema na\u010delima Uredbe.<\/h5>\n<ul>\n<li>\n<h5>Obra\u0111ujemo samo osobne podatke nu\u017ene za definirane svrhe<\/h5>\n<\/li>\n<li>\n<h5>Va\u0161e podatke pohranjujem na definirane rokove i ne dijelimo ih s drugima<\/h5>\n<\/li>\n<li>\n<h5>Ne profiliramo korisnike<\/h5>\n<\/li>\n<\/ul>\n<h5><strong>Definicije: <\/strong>Osobni podatak &#8211; prema Uredbi, osobni podaci su svi podaci koji se odnose na pojedinca \u010diji je identitet utvr\u0111en ili se mo\u017ee utvrditi (\u201eispitanik\u201d), a pojedinac ili ispitanik kako ga zove Uredba, \u010diji se identitet mo\u017ee utvrditi jest osoba koja se mo\u017ee identificirati izravno ili neizravno.<\/h5>\n<h5>Obrada &#8211; prema Uredbi, obrada zna\u010di &#8211; svaki postupak ili skup postupaka koji se obavljaju na osobnim podacima ili na skupovima osobnih podataka, bilo automatiziranim bilo neautomatiziranim sredstvima kao \u0161to su prikupljanje, bilje\u017eenje, organizacija, strukturiranje, pohrana, prilagodba ili izmjena, pronala\u017eenje, obavljanje uvida, uporaba, otkrivanje prijenosom, \u0161irenjem ili stavljanjem na raspolaganje na drugi na\u010din, uskla\u0111ivanje ili kombiniranje, ograni\u010davanje, brisanje ili uni\u0161tavanje.<\/h5>\n<h5><strong>Obrada podataka: <\/strong>Ordinacija prikuplja osobne podatke direktno od ispitanika koji ih upisuje na evidencijski list. Obavezni podaci su ime i prezime, odnosno ime i prezime odgovorne osobe kod osoba mla\u0111ih od 16 godina, godina ro\u0111enja, puna adresa i telefonski broj. Ispitanici na evidencijskom listu mogu upisati i e-mail adresu te dati informaciju kako su do\u0161li do informacije o Dru\u0161tvu te opisati svoje tegobe zbog kojih su do\u0161li. Podaci se obra\u0111uju temeljem sporazuma ispitanika s Dru\u0161tvom koji ispitanik vlastoru\u010dno potpisuje. Evidencijski listovi se ne digitaliziraju, ve\u0107 se \u010duvaju samo u papiru. Dodatno, tijekom iscjeljenja, terapeut prikuplja fotografije dijelova tijela \u2013 stopala, le\u0111a, vrat i sl., u svrhu utvr\u0111ivanja po\u010detnog i stanja nakon pru\u017eenog tretmana. Prikupljanje ovih podataka je obavezno, a s obzirom da se na fotografijama ne bilje\u017ei lice ispitanika, ne smatraju se osobnim podacima. Klju\u010dno je naglasiti da se predmetne fotografije, osim u posebnim slu\u010dajevima uz dozvolu ispitanika, ne pohranjuju u Dru\u0161tvu te da se nikada ne ve\u017eu uz osobne podatke.<\/h5>\n<h5><strong>Svrha i uvid: <\/strong>Obavezni podaci koriste se isklju\u010divo u svrhu u svrhu evidencije i kontakta, informacija kako je ispitanik dobio informaciju o Dru\u0161tvu biti \u0107e kori\u0161tena u svrhu pobolj\u0161anja upravljanja marketin\u0161kim aktivnostima dru\u0161tva, a e-mail adresa u svrhu primanja newslettera i informacija o aktivnostima Dru\u0161tva. Osobne podatke koje Dru\u0161tvo obra\u0111uje ne pru\u017ea na uvid nikome izvan Dru\u0161tva. Pored toga, temeljem zakonskih obaveza, osobnim podacima mogu pristupiti istra\u017ena i\/ili nadzorna tijela isklju\u010divo ako za to imaju potrebno ovla\u0161tenje.<\/h5>\n<h5><strong>\u010cuvanje i za\u0161tita: <\/strong>Osobni podaci biti \u0107e pohranjeni i obra\u0111ivani u roku od 15 godina te za\u0161ti\u0107eni adekvatnim sigurnosnim mjerama uz ograni\u010den pristup. Molimo primite na znanje da niti jedan sustav nije 100% siguran te mi stoga kontinuirano ula\u017eemo napore u pobolj\u0161anje za\u0161tite va\u0161ih podataka, ali ne mo\u017eemo garantirati potpunu sigurnost.<\/h5>\n<h5><strong>Prava ispitanika: <\/strong>Dru\u0161tvo osigurava uvjete kako biste vi odlu\u010divali o&nbsp;obradi va\u0161ih osobnih podataka. Prije svega vam omogu\u0107ujemo slijede\u0107a prava:<\/h5>\n<h5><strong>a) Pravo na pristup podacima: <\/strong>Imate pravo zatra\u017eiti potvrdu o tome obra\u0111ujemo li va\u0161e podatke te ako da, dobiti pristup do tih podataka.<\/h5>\n<h5><strong>b) Pravo na ispravak: <\/strong>U&nbsp;slu\u010daju da uo\u010dite da o&nbsp;vama obra\u0111ujemo neto\u010dne ili nepotpune podatke ili ih \u017eelite izmijeniti, imate pravo tra\u017eiti ispravak istih odnosno nadopunu nepotpunih osobnih podataka. Kako bismo osigurali da o&nbsp;Vama uvijek obra\u0111ujemo samo to\u010dne osobne podatke potrebno je da nam bez odga\u0111anja javite sve njihove promjene.<\/h5>\n<h5><strong>c) Pravo na brisanje (\u201epravo na zaborav\u201d): <\/strong>Brisanje osobnih podataka mo\u017ee se tra\u017eiti primjerice ako ste povukli svoju&nbsp;privolu za obradu va\u0161ih pojedinih podataka, kada se va\u0161i osobni podaci nezakonito obra\u0111uju ili kada va\u0161i podaci vi\u0161e nisu nu\u017eni u odnosu na svrhe za koje su prikupljeni ili na bilo koji na\u010din obra\u0111eni. Me\u0111utim, molimo vas da uva\u017eite da va\u0161e podatke ne\u0107emo mo\u0107i izbrisati ako su oni potrebni radi ispunjenja zakonskih obveza, ugovornih obveza i&nbsp;drugih pravnih temelja iz Op\u0107e uredbe o&nbsp;za\u0161titi podataka.<\/h5>\n<h5><strong>d) Pravo na ograni\u010denje obrade: <\/strong>Imate pravo ishoditi ograni\u010denje obrade va\u0161ih osobnih podataka, koje se mo\u017ee tra\u017eiti primjerice ako ste podnijeli prigovor na obradu podataka, sumnjate u&nbsp;to\u010dnost osobnih podataka koji se obra\u0111uju ili u zakonitost njihove obrade, no ne \u017eelite da se ti podaci izbri\u0161u, ili su vam jo\u0161 potrebni radi ostvarenja pravnih zahtjeva.<\/h5>\n<h5><strong>e) Pravo na prenosivost podataka: <\/strong>Ukoliko se obrada temelji na va\u0161oj privoli ili se vr\u0161i u&nbsp;svrhu izvr\u0161enja ugovora sklopljenog s&nbsp;vama, a&nbsp;istodobno se izvodi automatiziranim sredstvima, imate pravo zaprimiti svoje osobne podatke koje smo od vas dobili. Ukoliko zatra\u017eite, va\u0161e \u0107emo osobne podatke prenijeti izravno drugom voditelju obrade, ako isto bude tehni\u010dki izvedivo.&nbsp;<\/h5>\n<h5><strong>f) Pravo na prigovor: <\/strong>U&nbsp;svakom ste trenutku, s&nbsp;obzirom na va\u0161u posebnu situaciju, ovla\u0161teni ulo\u017eiti prigovor na obradu osobnih podataka koji se odnose na vas, zbog \u010dega \u0107emo obradu istih ograni\u010diti. Tako\u0111er, navedene \u0107emo podatke izbrisati i prestati obra\u0111ivati, osim ako doka\u017eemo da za obradu postoje obrazlo\u017eeni i opravdani pravni temelji za zadr\u017eavanje istih. Osim toga, u&nbsp; bilo kojem trenutku imate pravo prigovoriti protiv obrade va\u0161ih osobnih podataka u&nbsp;svrhu izravnog marketinga. Nakon podno\u0161enja prigovora Va\u0161i \u0107e se osobni podaci prestati obra\u0111ivati u&nbsp;navedenu svrhu.<\/h5>\n<h5><strong>g) Pravo na pritu\u017ebu nadzornom tijelu: A<\/strong>ko smatrate da je obrada Va\u0161ih osobnih podataka u suprotnosti s Op\u0107om uredbom o za\u0161titi podataka, imate pravo podnijeti prigovor nadle\u017enom nadzornom tijelu. Za podru\u010dje Republike Hrvatske nadzorno je tijelo Agencija za za\u0161titu osobnih podataka, sa sjedi\u0161tem na adresi: Selska cesta 136, 10000 Zagreb, Hrvatska, web: <a href=\"http:\/\/azop.hr\/\">http:\/\/azop.hr\/<\/a>, tel.: +385 1 4609 000.<\/h5>\n<h5><strong>h) Pravo na povla\u010denje privole: <\/strong>Ako se obrada Va\u0161ih osobnih podataka temelji na va\u0161oj privoli, imate je pravo u bilo kojem trenutku povu\u0107i, bez ikakvih posljedica. Ispunjenje navedenih prava mo\u017eete zahtijevati:<\/h5>\n<ul>\n<li>\n<h5>osobno u&nbsp;sjedi\u0161tu Dru\u0161tva Prvomajska 23, Mihovljan, \u010cakovec<\/h5>\n<\/li>\n<li>\n<h5>pisanim putem na istu adresu<\/h5>\n<\/li>\n<\/ul>\n<h5><strong>Napomena<\/strong> \u2013 pri postavljanju zahtjeva nu\u017ena je identifikacija podnositelja zahtjeva. Razlog je za\u0161tita Vas kao vlasnika osobnih podataka.<\/h5>\n<h5><strong>Rje\u0161avanje nesporazuma ili dodatna pitanja: <\/strong>Kako bi ste rije\u0161ili mogu\u0107e nesporazume ili postavili dodatna pitanja, molimo nazovite nas na 0981645791 ili nam pi\u0161ite na <a href=\"mailto:info@nova-energija.hr\">info@nova-energija.hr<\/a> &nbsp;<\/h5>\n<h5><strong>Kontakt:<\/strong><\/h5>\n<h5>Za sva dodatna pitanja mo\u017eete nas kontaktirati na:<\/h5>\n<h5>Nova energija d.o.o.<\/h5>\n<h5>Prvomajska 23, Mihovljan, \u010cakovec<\/h5>\n<h5>HRVATSKA<\/h5>\n<h5>Telefon: 0981645791<\/h5>\n<h5>e-mail: <a href=\"mailto:info@nova-energija.hr\">info@nova-energija.hr<\/a><\/h5>\n<h5>Mihovljan, 21.5.2019.<\/h5>\n<h5>Politika privatnosti, ver. 1.00<\/h5>\n<h2>Copyright-Sva prava pridr\u017eana.<\/h2>\n","protected":false},"excerpt":{"rendered":"<p>Dean Jambro\u0161i\u0107 Energetska medicina &nbsp; Ordinacija Zvir 2, Mihovljan 40 000 \u010cakovec Mobitel:&nbsp;098\/164 5791 E-mail:&nbsp;info@nova-energija.hr &nbsp; Starigrad &#8211; Seline Put Jurlina 12, 23244 Starigrad &#8211; Seline &nbsp; Njema\u010dka 70327 Stuttgart &nbsp; POLITIKA PRIVATNOSTI Nova energija d.o.o., Prvomajska 23, Mihovljan, \u010cakovec Politikom privatnosti Nova energija d.o.o. Prvomajska 23, Mihovljan, \u010cakovec (nadalje Nova energija ili Dru\u0161tvo), kao [&hellip;]<\/p>\n","protected":false},"author":1,"featured_media":0,"parent":0,"menu_order":0,"comment_status":"closed","ping_status":"closed","template":"","meta":{"ngg_post_thumbnail":0},"_links":{"self":[{"href":"https:\/\/nova-energija.hr\/index.php?rest_route=\/wp\/v2\/pages\/46"}],"collection":[{"href":"https:\/\/nova-energija.hr\/index.php?rest_route=\/wp\/v2\/pages"}],"about":[{"href":"https:\/\/nova-energija.hr\/index.php?rest_route=\/wp\/v2\/types\/page"}],"author":[{"embeddable":true,"href":"https:\/\/nova-energija.hr\/index.php?rest_route=\/wp\/v2\/users\/1"}],"replies":[{"embeddable":true,"href":"https:\/\/nova-energija.hr\/index.php?rest_route=%2Fwp%2Fv2%2Fcomments&post=46"}],"version-history":[{"count":34,"href":"https:\/\/nova-energija.hr\/index.php?rest_route=\/wp\/v2\/pages\/46\/revisions"}],"predecessor-version":[{"id":951,"href":"https:\/\/nova-energija.hr\/index.php?rest_route=\/wp\/v2\/pages\/46\/revisions\/951"}],"wp:attachment":[{"href":"https:\/\/nova-energija.hr\/index.php?rest_route=%2Fwp%2Fv2%2Fmedia&parent=46"}],"curies":[{"name":"wp","href":"https:\/\/api.w.org\/{rel}","templated":true}]}}