{"id":683,"date":"2018-10-25T17:39:13","date_gmt":"2018-10-25T15:39:13","guid":{"rendered":"http:\/\/nova-energija.hr\/?page_id=683"},"modified":"2026-02-01T19:30:37","modified_gmt":"2026-02-01T17:30:37","slug":"novosti","status":"publish","type":"page","link":"https:\/\/nova-energija.hr\/?page_id=683","title":{"rendered":"NOVOSTI"},"content":{"rendered":"\n<figure class=\"wp-block-image size-full\"><a href=\"https:\/\/nova-energija.hr\/wp-content\/uploads\/2024\/06\/24-14.6.24.jpg\"><img decoding=\"async\" src=\"https:\/\/nova-energija.hr\/wp-content\/uploads\/2024\/06\/24-14.6.24.jpg\" alt=\"\" class=\"wp-image-1070\"\/><\/a><\/figure>\n\n\n<h1 style=\"text-align: center;\"><a href=\"https:\/\/nova-energija.hr\/wp-content\/uploads\/2023\/10\/1-stranica-brosra-HR.jpg\"><img decoding=\"async\" loading=\"lazy\" class=\"wp-image-1041 aligncenter\" src=\"https:\/\/nova-energija.hr\/wp-content\/uploads\/2023\/10\/1-stranica-brosra-HR-211x300.jpg\" alt=\"\" width=\"416\" height=\"591\" srcset=\"https:\/\/nova-energija.hr\/wp-content\/uploads\/2023\/10\/1-stranica-brosra-HR-211x300.jpg 211w, https:\/\/nova-energija.hr\/wp-content\/uploads\/2023\/10\/1-stranica-brosra-HR-722x1024.jpg 722w, https:\/\/nova-energija.hr\/wp-content\/uploads\/2023\/10\/1-stranica-brosra-HR-768x1090.jpg 768w, https:\/\/nova-energija.hr\/wp-content\/uploads\/2023\/10\/1-stranica-brosra-HR-624x885.jpg 624w, https:\/\/nova-energija.hr\/wp-content\/uploads\/2023\/10\/1-stranica-brosra-HR.jpg 874w\" sizes=\"(max-width: 416px) 100vw, 416px\" \/><\/a><\/h1>\n<h1 style=\"text-align: center;\"><a href=\"https:\/\/nova-energija.hr\/wp-content\/uploads\/2023\/10\/brosura-HR-Oberon.pdf\">bro\u0161ura HR-Oberon<\/a><\/h1>\n<p>&nbsp;<\/p>\n<p style=\"text-align: center;\">&nbsp;<\/p>\n<h3 style=\"text-align: center;\"><span style=\"background-color: #ff6600;\"><a href=\"https:\/\/nova-energija.hr\/wp-content\/uploads\/2019\/11\/cover2.jpg\"><span style=\"background-color: #ffffff;\">Novo: Knjiga od TanjaAeckesberg na hrvatskom jesiku.<\/span><\/a><\/span><\/h3>\n<h3 style=\"text-align: center;\"><span style=\"background-color: #ff6600;\"><a href=\"https:\/\/nova-energija.hr\/wp-content\/uploads\/2019\/11\/cover2.jpg\"><img decoding=\"async\" loading=\"lazy\" class=\"size-medium wp-image-759 aligncenter\" src=\"https:\/\/nova-energija.hr\/wp-content\/uploads\/2019\/11\/cover2-215x300.jpg\" alt=\"\" width=\"215\" height=\"300\" srcset=\"https:\/\/nova-energija.hr\/wp-content\/uploads\/2019\/11\/cover2-215x300.jpg 215w, https:\/\/nova-energija.hr\/wp-content\/uploads\/2019\/11\/cover2.jpg 571w\" sizes=\"(max-width: 215px) 100vw, 215px\" \/><\/a><\/span><\/h3>\n<p style=\"text-align: center;\"><strong>Izravnavanje kralje\u017enice <\/strong><strong>\u010duda jo\u0161 postoje!<\/strong><\/p>\n<p>Na\u0161a je kralje\u017enica mnogo vi\u0161e od ko\u0161tanog sustava koji dr\u017ee tetive i ligamenti. Kao nosa\u010d informacija ona pohranjuje \u017eivotnu matricu s na\u0161im karmi\u010dkim, sudbinskim i prenatalnim smjernicama s kojima dolazimo na svijet. \u010covjek kao vi\u0161edimenzionalno bi\u0107e sastoji se od mno\u0161tva energetskih tijela koja komuniciraju s bo\u017eanskom iskrom, Vi\u0161im Ja i njihovim pravim ljudskim identitetom. Stoga se na\u0161a kralje\u017enica kao organ \u0161iri izvan tijela. Ona je na\u0161 \u017eivotni oslonac i samostalna inteligencija, visoko osjetljivi duhovni instrument izlje\u010div samo kori\u0161tenjem sveobuhvatno djeluju\u0107ih duhovnih snaga.<\/p>\n<p>Za svakog \u010dovjeka bi stoga duhovno iscjeljenje kralje\u017enice trebalo biti od prvotne va\u017enosti. Otklanjanjem asimetrije zdjelice, iskrivljenja kralje\u017enice, nejednake visine ramena, razlike u du\u017eini nogu i mnogih drugih anomalija skeletnog sustava mogu se prevladati uzroci koji dovode do kasnijih tegoba. Pomo\u0107 je tu! To je uspostava bo\u017eanskog reda duhovnim ispravljanjem kralje\u017enice prema iscjeliteljskoj \u0161koli Anne H\u00fcbner i Tanje Aeckersberg. Oblikom iscjeljenja koji su one razvile mogu\u0107e je zauvijek ispraviti zakrivljenost i asimetri\u010dnost. Postanite svjedokom \u017eivotno neophodnepraiskonske Bo\u017eje snage koja se \u010dovje\u010danstvu danas o\u010dituje kao nova ljekovita snaga.<\/p>\n<p>Osim opse\u017enog prikaza ove metode lije\u010denja ova knjiga iscjeliteljice i lje\u010diteljice alternativnom medicinom Tanje Aeckersberg sadr\u017ei njezina nova znanja o univerzalnoj kralje\u017enici. \u010citatelj dobiva jedinstvene spoznaje o kompleksnim bioenergetskim vezama duha i tijela. Smetnje koje nastaju \u017eivotom \u010dovjeka u neskladu s bo\u017eanskim redom nestaju znala\u010dkim vje\u017ebama koje dovode do energetskog sklada. Radi se o tome da se iznova o\u017eivi \u017eelja za izlje\u010denjem svake stanice \u010dime je mogu\u0107e suzbiti bolesti bilo koje vrste. Upustite se u pustolovinu ozdravljenja!<\/p>\n<p>ISBN 978-953-48654-1-5&nbsp; &nbsp; &nbsp; &nbsp; 15,00 \u20ac<\/p>\n<p>&nbsp;<\/p>\n<h2>&nbsp;<\/h2>\n<p>&nbsp;<\/p>\n<p>&nbsp;<\/p>\n<p>&nbsp;<\/p>\n<p>&nbsp;<\/p>","protected":false},"excerpt":{"rendered":"<p>bro\u0161ura HR-Oberon &nbsp; &nbsp; Novo: Knjiga od TanjaAeckesberg na hrvatskom jesiku. Izravnavanje kralje\u017enice \u010duda jo\u0161 postoje! Na\u0161a je kralje\u017enica mnogo vi\u0161e od ko\u0161tanog sustava koji dr\u017ee tetive i ligamenti. Kao nosa\u010d informacija ona pohranjuje \u017eivotnu matricu s na\u0161im karmi\u010dkim, sudbinskim i prenatalnim smjernicama s kojima dolazimo na svijet. \u010covjek kao vi\u0161edimenzionalno bi\u0107e sastoji se od [&hellip;]<\/p>\n","protected":false},"author":2,"featured_media":0,"parent":0,"menu_order":0,"comment_status":"closed","ping_status":"closed","template":"","meta":{"ngg_post_thumbnail":0},"_links":{"self":[{"href":"https:\/\/nova-energija.hr\/index.php?rest_route=\/wp\/v2\/pages\/683"}],"collection":[{"href":"https:\/\/nova-energija.hr\/index.php?rest_route=\/wp\/v2\/pages"}],"about":[{"href":"https:\/\/nova-energija.hr\/index.php?rest_route=\/wp\/v2\/types\/page"}],"author":[{"embeddable":true,"href":"https:\/\/nova-energija.hr\/index.php?rest_route=\/wp\/v2\/users\/2"}],"replies":[{"embeddable":true,"href":"https:\/\/nova-energija.hr\/index.php?rest_route=%2Fwp%2Fv2%2Fcomments&post=683"}],"version-history":[{"count":19,"href":"https:\/\/nova-energija.hr\/index.php?rest_route=\/wp\/v2\/pages\/683\/revisions"}],"predecessor-version":[{"id":1121,"href":"https:\/\/nova-energija.hr\/index.php?rest_route=\/wp\/v2\/pages\/683\/revisions\/1121"}],"wp:attachment":[{"href":"https:\/\/nova-energija.hr\/index.php?rest_route=%2Fwp%2Fv2%2Fmedia&parent=683"}],"curies":[{"name":"wp","href":"https:\/\/api.w.org\/{rel}","templated":true}]}}