{"id":718,"date":"2019-02-14T20:47:30","date_gmt":"2019-02-14T18:47:30","guid":{"rendered":"http:\/\/nova-energija.hr\/?page_id=718"},"modified":"2026-02-14T19:44:49","modified_gmt":"2026-02-14T17:44:49","slug":"edukacija-duhovnih-iscjelitelj","status":"publish","type":"page","link":"https:\/\/nova-energija.hr\/?page_id=718","title":{"rendered":"Edukacija duhovnih iscjelitelj"},"content":{"rendered":"\n<p class=\"has-text-align-center\"><\/p>\n\n\n\n<h1 class=\"wp-block-heading\" style=\"font-size:30px\">Edukacija\nduhovnih iscjelitelja 1. Stupanj<\/h1>\n\n\n\n<p><strong>Uklju\u010duju\u0107i Reiki\n1. stupanj tako\u0111er na \u017eivotinjama + nauka o metamorfozi \/preobrazbi\/<\/strong><\/p>\n\n\n\n<p>1. dnevni seminar &#8211; 500,00 EUR<\/p>\n\n\n\n<p><strong>\u201eDuhovno\niscjeljivanje putem Reikija put je &nbsp;Tvojega &nbsp;srca\u201c<\/strong><\/p>\n\n\n\n<ul>\n<li>Osnove i inicijacija u energije duhovnoga &nbsp;iscjeljivanja &#8220;Poretka Novoga &nbsp;doba&#8221; za iscjeljivanje svega\nproduhovljenoga<\/li>\n\n\n\n<li>Kroz emocionalnu detoksikaciju stvarate se nanovo!<\/li>\n\n\n\n<li>Svi mo\u017eete postati poslanici svjetla! Sami mo\u017eete \u010diniti\n\u010duda!<\/li>\n<\/ul>\n\n\n\n<p>Ovom edukacijom stje\u010dete pristup bo\u017eanskoj, spasonosnoj energiji,\nkoja odmah nakon \u0161to vas iniciram, te\u010de kroz vas i va\u0161e ruke. Uskla\u0111uje se\nbitno pove\u0107anje va\u0161eg titranja i \u017eivotnoga energetskoga potencijala jer vi ste\nsada povezani sa svojim vi\u0161im dijelovima sebe i crpite kozmi\u010dke sile! Duhovno\niscjeljivanje s Reikijem uvijek i svugdje slu\u017ei dobru.<\/p>\n\n\n\n<p>Najprije u vama samima, a zatim kod onih koje\niscjeljujete. Iscjeljuju\u0107a energija mo\u017ee ubla\u017eiti bolove, harmonizira cijeli\norganizam, poja\u010dava imunolo\u0161ki sustav, pove\u0107ava energiju i dobre osje\u0107aje,\npoma\u017ee kod strahova, jada, briga i tu\u017enih raspolo\u017eenja, sindroma sagorijevanja\n\/sindrom Burnout\/ i beskona\u010dno mnogo toga! Duhovno iscjeljivanje putem Reikija\nmo\u017ee biti od pomo\u0107i kod svih medicinskih lije\u010denja i izvanredno je prikladno\nkao dopuna za druge metode lije\u010denja.<\/p>\n\n\n\n<p>Duhovno iscjeljivanje s dodatnom snagom Reikija transformira\nvisoko inteligentnu samoreguliraju\u0107u energiju, koja se usmjerava prema svim\npotrebama i ispunjava to\u010dno ono, \u0161to je u stanovito vrijeme potrebno. Stoga je\npotpuno isklju\u010deno da bi se s tom energijom ikada moglo u\u010diniti ne\u0161to krivo.\nSve uvijek slu\u017ei najboljem!<\/p>\n\n\n\n<p>Ovom edukacijom stje\u010dete pristup bo\u017eanskoj, spasonosnoj\nenergiji &nbsp;koja odmah nakon \u0161to Vas\niniciramo, te\u010de kroz vas i va\u0161e ruke. Uskla\u0111uje se bitno pove\u0107anje va\u0161eg\ntitranja i \u017eivotnoga energetskoga potencijala &nbsp;jer vi ste sada povezani sa svojim vi\u0161im\ndijelovima sebe i crpite kozmi\u010dke sile! Duhovno iscjeljivanje s Reikijem uvijek\ni svugdje slu\u017ei dobru. Najprije u vama samima, a zatim kod onih koje\niscjeljujete. Iscjeljuju\u0107a energija mo\u017ee ubla\u017eiti bolove, harmonizira cijeli\norganizam, poja\u010dava imunolo\u0161ki sustav, pove\u0107ava energiju i dobro osje\u0107anje,\npoma\u017ee kod strahova, jada, briga i tu\u017enih neraspolo\u017eenja, sindroma\nsagorijevanja \/sindrom Burnout\/ i beskona\u010dno mnogo toga! Duhovno iscjeljivanje\nputem Reikija mo\u017ee biti od pomo\u0107i kod svih medicinskih lije\u010denja i izvanredno\nje prikladno kao dopuna za druge metode lije\u010denja. Duhovno iscjeljivanje s\ndodatnom snagom Reikija transformira visoko inteligentnu samoreguliraju\u0107u\nenergiju &nbsp;koja se usmjerava prema svim\npotrebama i ispunjava to\u010dno ono, \u0161to je u stanovito vrijeme potrebno. Stoga je\npotpuno isklju\u010deno da bi se s tom energijom ikada moglo u\u010diniti ne\u0161to krivo.\nSve uvijek slu\u017ei najboljem!<\/p>\n\n\n\n<p><strong>Putem\nte \u201eNove\u201c iscjeliteljske snage \u010dovjek se osloba\u0111a za mentalno-duhovni razvoj i spiritualni\nrazvoj uvjetovan evolucijom u koje sada kona\u010dno smije uroniti svako ljudsko\nbi\u0107e!<\/strong><\/p>\n\n\n\n<p><strong>Duhovno\niscjeljivanje s Reikijem je bo\u017eanska istina, koja mene \u2013 Deana \u2013 usre\u0107uje svaki\ndan! Isto \u017eelimo vama!<\/strong><\/p>\n\n\n\n<p><strong>U\nedukaciji duhovnih iscjelitelja 1. stupanj sadr\u017ean je veoma zna\u010dajan Seminar\nmetamorfoze.<\/strong><\/p>\n\n\n\n<p>Metamorfoza je kao preobrazba gusjenice u leptira. Samo s\ntakvim na\u010dinom razmi\u0161ljanja stvarate transformaciju i obnovu u sebi i drugima!\nMetamorfna masa\u017ea je neovisno u\u010denje &nbsp;koje se tako\u0111er mo\u017ee identificirati kao\npro\u0161irenje refleksologije. Razlika je u tome, \u0161to prakti\u010dar metamorfoze ne\nutje\u010de na bolesti, ve\u0107 radi samo na prenatalnom obrascu &#8211; vremenu u kojem se\nmanifestiraju na\u0161e unutarnje snage i slabosti. <\/p>\n\n\n\n<p>Seminar osposobljava u\u010denika da nakon edukacije podu\u010dava druge\nljude, azavr\u0161ava ispitom. Prakti\u010dar svu svoju pa\u017enju usmjerava na \u017eivotnu silu\nkoja protje\u010de kroz vremensku strukturu, \u010dime se mogu promijeniti negativne\nosobine, blokade i optere\u0107enja. Ova vrlo u\u010dinkovita masa\u017ea izvodi se nje\u017eno na\nrukama, nogama i glavi. Uspijeva preobrazba od onoga \u0161to jesmo u ono \u0161to mo\u017eemo\nbiti. <\/p>\n\n\n\n<p>U\u010denje o metamorfozi je stoga va\u017ean dio na\u0161e edukacije duhovnih iscjelitelja 1. stupnja. Oni na\u0161i u\u010denici koji su svoju edukaciju ve\u0107 po\u010deli po starom sustavu, mogu Seminar metamorfoze napraviti naknadno po cijeni od 1500 kuna .<\/p>\n\n\n\n<p><\/p>\n\n\n\n<h1 class=\"wp-block-heading\" style=\"font-size:30px\">Edukacija duhovnih iscjelitelja 2. stupanj<\/h1>\n\n\n\n<p><strong>uklju\u010div\u0161i\nReiki II. s otpu\u0161tanjem priro\u0111enih blokada i prevladavanjem prostorno \/\nvremenskoga &nbsp;kontinuuma.Iscjeljivanje na\ndaljinu i jo\u0161 mnogo toga.<\/strong><\/p>\n\n\n\n<p>1. dnevni seminar &#8211;  500,00 EUR <\/p>\n\n\n\n<p><strong>Neka\nse doga\u0111aju \u010duda!<\/strong><\/p>\n\n\n\n<p>Znatno pro\u0161irena edukacija po energijama \u201ePoretka Novog\ndoba\u201c. Inicijacija u \u201eNove energije iscjeljivanja\u201c &nbsp;koje ne mogu biti jasnije i pronicljivije.\nJako puno prakti\u010dnoga rada! Pro\u0161irenje edukacije duhovnih iscjelitelja 1.\nstupnja. Znanje o spiritualnim zakonitostima s izbavljenjem karme.\nIscjeljivanje s iscjeljiva\u010dkim simbolima Novog doba. <\/p>\n\n\n\n<p><strong>Iscjeljivanje\nna daljinu u najvi\u0161oj dimenziji!<\/strong><\/p>\n\n\n\n<p>Dajem Vam &nbsp;znanje i\nsigurnost kako bi mogli sveobuhvatno pomagati, a to je ono najva\u017enije \u0161to\niscjelitelju treba. Bez sigurnosti, bez da se iscjelitelj mo\u017ee osloniti na\nuspjehe svojeg u\u010ditelja, nikada ne\u0107e posti\u0107i onu veli\u010dinu koja mu je potrebna\nda bi bio uspje\u0161an!<\/p>\n\n\n\n<p>Ovaj stupanj vas putem daljnjih inicijacija i u\u010denja o\nosna\u017eivanju snage s energijama \u201eNovog doba\u201c osposobljava za mentalno\niscjeljivanje i probijanje u podru\u010dja najvi\u0161ih promjena na svim razinama\ntijela. Sna\u017enim podizanjem energije (svjetlosne snage) biti \u0107e mogu\u0107i tretmani\nna daljinu &nbsp;jer vi u\u010dite kako\ninteligentni um pobje\u0111uje materiju.Sami postav\u0161i ta sveta, iscjeljuju\u0107a snaga,\nmo\u017eete otpustiti blokade, traume, zdravstvene smetnje na mentalnoj, tjelesnoj,\nduhovnoj i spiritualnoj razini. Ovi uzbudljivi&nbsp;\ndo\u017eivljaji promijenit \u0107e cijeli va\u0161 \u017eivot. Tako je mogu\u0107e konfliktne\nodnose pretvoriti u dobre za sve sudionike. Kidat \u0107ete lance bilo kakvih\nograni\u010denja. Ovaj seminar je vrlo intenzivan, jer produbljujemo prakti\u010dan rad.\nPo\u010dinje prekrasno putovanje u bo\u017eansku avanturu. \u010cekaju vas mnogi duhovni\ndarovi!U sebi do\u017eivljavate\n&#8220;novo zna\u010denje&#8221;. S iscjeljuju\u0107om mo\u0107i treba aktivno raditi. Provodite\nsvakodnevne samotretmane, ili jo\u0161 bolje tretmane drugih, uklju\u010duju\u0107i \u017eivotinje\ni biljke. Mi posredujemo visoku energetsku povezanost i kod dolaska na sljede\u0107i\n3. stupanj kanal bi trebao biti dobro propustan. To stvarno usre\u0107uje! Duhovno\niscjeljivanje Reikijem osloba\u0111a od postojanja \u017ertve (iscjeljivanje \u0161titnja\u010de) i\nvodi vas u zahvalnost i bezuvjetnu ljubav prema Bogu!<\/p>\n\n\n\n<p>Ovaj stupanj vas putem daljnjih inicijacija i u\u010denja o\nosna\u017eivanju snage s energijama \u201eNovog doba\u201c osposobljava za mentalno\niscjeljivanje i probijanje u podru\u010dja najvi\u0161ih promjena na svim razinama\ntijela. Sna\u017enim podizanjem energije (svjetlosne snage) biti \u0107e mogu\u0107i tretmani\nna daljinu, jer vi u\u010dite kako inteligentni um pobje\u0111uje materiju.Sami postav\u0161i\nta sveta, iscjeljuju\u0107a snaga, mo\u017eete otpustiti blokade, traume, zdravstvene\nsmetnje na mentalnoj, tjelesnoj, duhovnoj i spiritualnoj razini. <\/p>\n\n\n\n<p>Ovi uzbudljivi &nbsp;do\u017eivljaji promijenit \u0107e cijeli va\u0161 \u017eivot.\nTako je mogu\u0107e konfliktne odnose pretvoriti u dobre za sve sudionike. Kidati\n\u0107ete lance bilo kakvih ograni\u010denja. Ovaj seminar je vrlo intenzivan, jer\nprodubljujemo prakti\u010dan rad. Po\u010dinje prekrasno putovanje u bo\u017eansku avanturu.\n\u010cekaju vas mnogi duhovni darovi!U sebi do\u017eivljavate &#8220;novo\nzna\u010denje&#8221;. S iscjeljuju\u0107om mo\u0107i treba aktivno raditi. Provodite\nsvakodnevne samotretmane, ili jo\u0161 bolje tretmane drugih, uklju\u010duju\u0107i \u017eivotinje\ni biljke. Mi posredujemo visoku energetsku povezanost i kod dolaska na sljede\u0107i\n3. stupanj kanal bi trebao biti dobro propustan. To stvarno usre\u0107uje!<\/p>\n\n\n\n<p><strong>Duhovno iscjeljivanje Reikijem osloba\u0111a od postojanja \u017ertve (iscjeljivanje \u0161titnja\u010de) i vodi vas u zahvalnost i bezuvjetnu ljubav prema Bogu!<\/strong><\/p>\n\n\n\n<p><\/p>\n\n\n\n<h1 class=\"wp-block-heading\" style=\"font-size:30px\">Edukacija duhovnih iscjelitelja 3. stupanj<\/h1>\n\n\n\n<p><strong>Lijekovi,\niscjeliteljski \u0161tapovi i tehnika mjerenja, lije\u010denje kristalima, mentalna\nkirurgija<\/strong><\/p>\n\n\n\n<p>1. dnevni seminar &#8211; 500,00 EUR<\/p>\n\n\n\n<p><strong>Lijekovi,\niscjeliteljski \u0161tapovi, dijagnoza razine tijela<\/strong><\/p>\n\n\n\n<p>Putem inicijacije vi postajete kanal za prihvat najve\u0107e\nmogu\u0107e iscjeliteljske energije, koja odgovara va\u0161im potrebama, va\u0161em stanju\nrazvoja i svijesti. Svojim tra\u017eenjem sami odre\u0111ujete energetski potencijal,\nkoji vam neiscrpno pritje\u010de iz izvora. Prepoznajete beskona\u010dni duh dobra,\nharmonije i iscjeljivanja. Samosvjesno stojite iznad stvari kao oru\u0111e Bo\u017eje.\nKroz svoje ruke dopu\u0161tate da se doga\u0111a ono \u0161to je ispravno za vas i sve koji\ntrebaju va\u0161u pomo\u0107. Glas va\u0161ega &nbsp;srca\nodre\u0111uje va\u0161 put. Mi vas vodimo u svijest Bo\u017eju. Kroz vas se mo\u017ee ispuniti iscjeljivanje\nsvega produhovljenoga.<\/p>\n\n\n\n<p>U ovoj vrlo intenzivnoj edukaciji iscjelitelja svjesno\nte\u017eimo odre\u0111enoj jednostavnosti, jer je to klju\u010d uspje\u0161nog iscjeljivanja. Ako\nste svjesni svoje snage, priu\u010dene tehnike su jo\u0161 samo minimalno primjenjive!\nKoristite svoju intuiciju, svoj osje\u0107aj i vi\u0111enje u unutarnjem razmatranju,\ntrenirajte svoj medijalitet i dar zapa\u017eanja. Ako vam se transparentno ljudsko\nbi\u0107e otkrije uz pomo\u0107 na\u0161ih iscjeliteljskih \u0161tapova, mo\u017eete prepoznati i\notpustiti blokade, kao i primijeniti mentalnu kirurgiju. Crpite iz mno\u0161tva\nsvojih beskrajnih mogu\u0107nosti, sadr\u017eanih u sebi. Mi \u0107emo vam ih pokazati!<\/p>\n\n\n\n<p>Preduvjet je poha\u0111anje edukacije duhovnih iscjelitelja2.\nstupnja &nbsp;i ve\u0107 odra\u0111eno poprili\u010dno\nvrijeme prakti\u010dnoga rada. &#8220;Ako je u Tebi probu\u0111ena \u017eelja za\niscjeljivanjem, Bog svoju nadarenost ve\u0107 prelijeva na Tebe.&#8221;<\/p>\n\n\n\n<p><strong>Iscjeljivanje\nkristalima i mentalna kirurgija<\/strong><\/p>\n\n\n\n<p>Osjetite energiju kristala, \u010diji dijelovi su u vama!<\/p>\n\n\n\n<p>Pomo\u0107u jednoga kristalnoga \u0161tapa kojeg \u010dete izabrati sami\n(moj poklon), a koji \u0107e kao produhovljeno bi\u0107e postati va\u0161 prijatelj pomo\u0107nik,\nkroz nekoliko sekundi \u0107ete otpustiti blokade i saznati kako se na fizi\u010dkoj i\nduhovnoj razini usmjereno operira kod odre\u0111enih edukativnih i \u017eivotnih tema, a\nda bi se iznutra i izvana stvorila iscjeljuju\u0107a harmonija. Ovdje u\u010dite\nuspostavljati ravnote\u017eu \u010dakri, osloba\u0111ati stani\u010dne mehanizme vremenske memorije\npodvrgnute evolucijskom procesu od tu\u0111ih programa, kontrola, genskih\nmanipulacija i naslije\u0111enih obrazaca (alergije) i jo\u0161 mnogo toga, unatrag do\npredaka. <\/p>\n\n\n\n<p>\u010ci\u0161\u0107enje aure i popravak aure, \u010di\u0161\u0107enje rana i ozljeda dietil-eterom iz pro\u0161losti (svih negda\u0161njih vremena), daljnji su va\u017eni elementi iscjeljivanja kojima se mora vladati, ako \u010dovjek \u017eeli raditi kao odgovorni duhovni iscjeljitelj. Nadalje \u0107ete nau\u010diti koristiti kristalne folije, koje od 4.stupnja mo\u017eete proizvoditi i sami. Stvorite mjesta kristalne mo\u0107i i osvijetlite energije &#8220;Novog doba&#8221;, kako bi vam iste mogle prodornije utrti va\u0161 iscjeliteljski put! Ovo veli\u010danstveno znanje upotpunjuje va\u0161 rad sa svijetlom i mo\u017ee se smatrati jakim izravnim ubrziva\u010dem va\u0161ega daljnjega razvoja!<br \/> &#8220;Nova&#8221; pove\u0107anja energije \u010dekajuna vas!<br \/> Postajete poslu\u017eitelj svjetlosti! Svjetlo je \u017eivot! Gdje je \u017eivot, tamo je Bog!<\/p>\n\n\n\n<p><\/p>\n\n\n\n<h1 class=\"wp-block-heading\" style=\"font-size:30px\">Edukacija duhovnih iscjelitelja 4. stupanj<\/h1>\n\n\n\n<p><strong>Izrada\nprogramiranih iscjeliteljskih pomagala i iscjeliteljskih karti &#8211; Duhovna\nalkemija i transformacija zra\u010denja! <\/strong><\/p>\n\n\n\n<p>1. dnevni seminar &#8211; 500,00 EUR <\/p>\n\n\n\n<p><strong>Programiranje i\npriprema iscjeljuju\u0107ih vibracijskih folija<\/strong><\/p>\n\n\n\n<p>Ovim seminarom ispunjavamo mnogostruke \u017eelje na\u0161ih\nu\u010denika koji su preneseno znanje sa seminara za produbljivanje znanja\niscjelitelja jo\u0161 jednom do\u017eivjeli kao vrlo veliku ekspanziju svijesti, pa \u017eele\njo\u0161 vi\u0161e. Najsrda\u010dnije zahvaljujemo na tim predivnim povratnim informacijama\njer je to velika potvrda za nas i za na\u0161 blagoslovljeni rad. Da, to\u010dno je: kroz\nna\u0161u praksu iscjeljivanja, na\u0161e se znanje stalno pro\u0161iruje. Stoga je jasno&nbsp; da vam \u017eelimo pomo\u0107i aktualizirati va\u0161e\nznanje. <strong>Dakle, \u0161to vas o\u010dekuje na &nbsp;4. stupnju edukacije duhovnih iscjelitelja? <\/strong>Sna\u017ena\nenergetska veza ispunit \u0107e vam ulazak na najvi\u0161e razine va\u0161eg &#8220;svjesnog\nBI\u0106A&#8221;, \u0161to \u0107e vam omogu\u0107iti trajno programiranje objekata s iscjeljuju\u0107om\nvibracijom. Uspostaviti \u0107e se prekrasne, sveobuhvatno iscjeljuju\u0107e folije,\nvezane uz odre\u0111ene teme. <\/p>\n\n\n\n<p>Na\u017ealost, ne smijemo opisati sve, onako kako se stvarno ostvaruje, jer lijekove zakonski mogu propisivati samo lije\u010dnici! Ali vam smijemo jam\u010diti da je na\u0161 edukativni program toliko sadr\u017eajan da se ga ne mo\u017ee uspore\u0111ivati s onim do sada postoje\u0107im. Imajte povjerenja i upustite se u avanturu \u2013 u otkrivanje svoje sustvarala\u010dke snage!<\/p>\n\n\n\n<p><br \/>Postati \u0107ete elektrana ljubavi.  Ljubav je \u017eivot! Bog je ljubav! Ljubav iscjeljuje!<\/p>\n\n\n\n<p><\/p>\n\n\n\n<h1 class=\"wp-block-heading\" style=\"font-size:30px\">Edukacija duhovnih iscjelitelja 5. stupanj<\/h1>\n\n\n\n<p><strong>Seminar\nza za\u0161titu od \u0161tetnih zra\u010denja i uklanjanje smetnji.<\/strong><\/p>\n\n\n\n<p> 1. dnevni seminar &#8211;  500,00 EUR<\/p>\n\n\n\n<p>Postajete duhovni alkemi\u010dari!<\/p>\n\n\n\n<p>Izu\u010diti \u0107ete fenomen uklanjanja smetnji u ku\u0107i, kao i\nprodubljeno rukovanje s na\u0161im ra\u0161ljama na osnovu kojih se vidi djelovanje i\nuklanjanje \u0161tetnog zra\u010denja.<\/p>\n\n\n\n<p>Da bismo &nbsp;se\npovezali s odgovaraju\u0107im energijama, vr\u0161i se inicijacija sile pomo\u0107u koje se\nmo\u017ee jam\u010diti trajna postojanost uklanjanja smetnji i za\u0161tite od \u0161tetnih\nzra\u010denja. Elektrosenzibilnost je tema koju su znanstvenici u Njema\u010dkoj kona\u010dno\nuklju\u010dili u svoj istra\u017eiva\u010dki program. Ono \u0161to oni naslu\u0107uju pod imenom\n&#8220;Nova fizika&#8221;, za nas je ve\u0107 rje\u0161ivo. Postupak i transformacija\n\u201eDopustite &nbsp;da nastanu mjesta snage\u201c\ntemelje se na priop\u0107enjima kroz duhovni svijet koje je medij Anne i u\u010diteljica\nvisoke radiestezije za iscjeliva\u010dka zanimanja primila 1995., a Dean dobio 2007.\ngodine. Ovdje se tako\u0111er radi o uklanjanju \u0161tetnih zra\u010denja kod negativnoga\nenergetskoga utjecaja na \u010dovjeka.<\/p>\n\n\n\n<p>Prakti\u010dne vje\u017ebe izvodimo kod visokonaponskih vodova i\njako ozra\u010denih mjesta. \u010cekaju Te mnoge nove spoznaje o do sada &#8220;tajnom\nznanju&#8221;! Mogu\u0107e postaje \u010dak i reprogramiranje amalgama i zubnih metala\n(\u010desto i vidljivo). Nije dovoljno znati, mora se i primjenjivati. <\/p>\n\n\n\n<p><strong>Nije dovoljno\nhtjeti, mora se i u\u010diniti!<\/strong><\/p>\n\n\n\n<p style=\"font-size:30px\"><strong>Reiki III. stupanj Reiki-MAJSTOR<\/strong><\/p>\n\n\n\n<p>Cijena seminara:  1500,00 \u20acUR<\/p>\n\n\n\n<p>Inicijacija za majstora i rad s vrlo visokom majstorskom titraju\u0107om energijom otvara vam nove horizonte. Bo\u017eanska alkemija \u010dini va\u0161u individualnost sjajnom poput promjene iz olova u zlato. \u0160to se ti\u010de va\u0161ih iscjeliteljskih sposobnosti, bit \u0107ete povezani s najvi\u0161im dimenzijama. Va\u0161a svijest se usredoto\u010duje na to da postanete jedno s tom bo\u017eanskom mo\u0107i koja se sada osjetno nalazi u vama.<br \/> \u0160kolovanje duhovnih iscjelitelja-<strong>Reiki<\/strong> majstora\/u\u010ditelja ove cjelokupne edukacije omogu\u0107iti \u0107e vam da od sada sami pou\u010davate i poduzimate energetske inicijacije.<br \/> <strong>Preduvjet za sudjelovanje je: Reiki 1.<\/strong> stupanj i <strong>Reiki 2.<\/strong> stupanj. S <strong>Reikijem 2.<\/strong> stupanj je trebalo aktivno raditi najmanje 1\/4 godine, jer vrlo jako energetsko povezivanje kod inicijacije majstora\/u\u010ditelja zahtijeva propusnu podlogu. Hvala!<\/p>\n\n\n\n<p><strong>Bo\u017eanski Duh u duhovnom iscjeljivanju Reikijem djeluje kroz Tvoje srce ispunjeno &#8220;ljubavlju prema svijetu&#8221;!<\/strong><\/p>\n\n\n\n<p><\/p>\n\n\n\n<h1 class=\"wp-block-heading\" style=\"font-size:30px\">Edukacija duhovnih iscjelitelja 6. stupanj <\/h1>\n\n\n\n<h1 class=\"wp-block-heading has-medium-font-size\">Nema edukaciju u 6. stupanj bez Reiki-majstora, obavezan!<\/h1>\n\n\n\n<p><strong>Edukacija\niscjelitelja za ispravljanje &#8211; Dovr\u0161enje! Duhovno uspravljanje kralje\u017enice!<\/strong><\/p>\n\n\n\n<p>Cijena:  5.000,00 \u20acUR, <strong>Pojedinosti na upit.<\/strong><\/p>\n\n\n\n<p><strong>Izvorno\n\u201eBo\u017eje uspravljanje\u201c tako\u0111er ispravljanje, uspravljanje kralje\u017enice, nazvano\nduhovno ispravljanje ili uspostava Bo\u017eanskog reda.<\/strong><\/p>\n\n\n\n<p><strong>Edukacija\nza \u010dudotvorca!<\/strong><\/p>\n\n\n\n<p>Fenomenalni pobjedni\u010dki pohod protiv bolesti naroda br.\n1, &#8220;Kri\u017ea s kri\u017eem&#8221; i otpu\u0161tanje svega \u0161to je \u010dovjeka evolucijski\nuvjetovano mentalno i duhovno zgrbilo \/iskrivilo\/ mo\u017ee okruniti i Tvoje\nsposobnosti duhovnoga &nbsp;iscjelitelja!<\/p>\n\n\n\n<p>Znanje o tome kako otpustiti priro\u0111ene blokade iz svih\nprethodnih \u017eivota i nanovo koordinirati protok pona\u0161anjem reguliranih signala u\nstani\u010dnoj zajednici organizma, predstavlja &#8220;Duhovno ispravljanje\nkralje\u017enice&#8221; kao jedan od najzna\u010dajnijih &#8220;napredaka duhovnog\niscjeljivanja\u201c u cijelom svijetu!<\/p>\n\n\n\n<p>Ova opse\u017ena edukacija namijenjena je onima koji ve\u0107 rade\nu iscjeljuju\u0107im profesijama, koji \u017eive prema duhovnim zakonima i mogu ih\npodu\u010davati, kao i&nbsp; predstavljati\ninteligentni um dobra. Rije\u010d je o seminaru s puno prakti\u010dnoga &nbsp;rada u mojem centru, sve dok ne budete pripremljeni\nza sveti rad na svim podru\u010djima. Nakon toga nastupa intenzivna praksa. Daljnje\ninformacije o tome dati \u0107emo nakon osobnoga &nbsp;upoznavanja prigodom predstoje\u0107ih seminara!<\/p>\n\n\n\n<p>Inicijacija i povezivanje snage za to mo\u017ee se primiti\nsamo ako je zajam\u010dena zdrava energetska osnova za tu visoku razinu vibracija\nenergije, takvu kakvu je mi posredujemo. Ova inicijacija je neusporedivo\nprodorna &#8211; na kraju krajeva, \u017earulju od 100 W ne mo\u017eete spojiti na uti\u010dnicu\n1000 W. Rasprsnula bi se! Ovdje u odnosu na u\u010denika imamo najve\u0107u odgovornost.\nStoga su seminari prethodnih stupnjeva s kontinuiranim pove\u0107avanjem energije\nOBVEZNI za SVAKOGA!<\/p>\n\n\n\n<p><strong>Preduvjeti su: kompletna edukacija za duhovne iscjelitelje<\/strong>, po mogu\u0107nosti i posebni seminari kod Deana se oni savr\u0161eno nadopunjavaju s na\u0161im radom! Ako \u017eelite postati uspje\u0161an iscjelitelj, potrebno vam je znanje! Mnogo iskustva u opho\u0111enju s iscjeliteljskim energijama i neuta\u017eiva \u017eelja u srcu, koje nastoji tu zada\u0107u ispuniti u ljubavi i predanosti slu\u017ee\u0107i svojim bli\u017enjima. U\u010denik treba te\u017eiti vlastitoj iscjeliteljskoj praksi i profesionalnom radu kao iscjelitelj. Kada ste educirani za \u010dudotvorca, vi\u0161e ni\u0161ta nije kao \u0161to je bilo prije! Darovi su tada i zadatci! Energija Novoga&nbsp; poretka &nbsp;koja se o\u010dituje stvaranjem Bo\u017ejeg reda mo\u017ee pripadati i vama! Potrebni ste kao nositelji svjetla! Energetsko povezivanje preko Deana Jambro\u0161i\u0107a u &#8220;Novu iscjeliteljsku energiju&#8221; jam\u010di promjene u svim sustavima ljudskoga &nbsp;organizma. Dean radi na \u017eivotnoj pruzi i dose\u017ee stani\u010dne mehanizme vremenske memorije u DNK sustavu, \u010dime \u017eivotna matrica svih tijela prima novo programiranje! Nadalje, radi se o globalnom duhovnom iscjeljenju kolektivne svijesti cijeloga na\u0161ega planeta. Edukacija duhovnih iscjelitelja je stoga mnogo vi\u0161e nego \u0161to se ovdje mo\u017ee opisati. To jednostavno nadilazi na\u0161u sposobnost predo\u010divanja! Nakon ispravljanja, svatko daje svoj energetski doprinos za postizanje mira u svijetu. Nakon ispravljanja kralje\u017enice, \u010dovjek nadilazi svoj bitak \u017ertve, kao i svoj dupkom puni program nosioca tereta, da kona\u010dno bude slobodan za \u017eivot u ljubavi! <\/p>\n\n\n\n<p>U Tanjinoj knjizi nalaze se najbolji savjeti kako zadr\u017eati to stanje tijekom cijelog \u017eivota!<br \/> <strong>Postanite o\u010devici \u010duda, kojima se \u010dovjek mo\u017ee samo diviti!<\/strong><br \/> <strong>A potom nau\u010dite ostvariti ih! Svijetu su potrebna \u010duda! Svijetu trebate vi!<\/strong><br \/> <\/p>\n\n\n\n<p>U\u010denicima iz drugih \u0161kola koji jo\u0161 nisu u potpunosti\nuronjeni u Reiki energiju i kojima nedostaje sigurnosti, jer su otkrili da moji\nu\u010denici imaju ve\u0107u povezanost snage od njih samih, preporu\u010damo naknadnu\ninicijaciju sudjelovanjem na seminaru u na\u0161oj \u0161koli.<\/p>\n\n\n\n<p>Cijena seminara je ista, jer na\u0161e edukacije sadr\u017ee mnogo\nvi\u0161e materijala za u\u010denje i stoga nisu usporedive s onim \u0161to je nau\u010deno negdje\ndrugdje.<\/p>\n","protected":false},"excerpt":{"rendered":"<p>Edukacija duhovnih iscjelitelja 1. Stupanj Uklju\u010duju\u0107i Reiki 1. stupanj tako\u0111er na \u017eivotinjama + nauka o metamorfozi \/preobrazbi\/ 1. dnevni seminar &#8211; 500,00 EUR \u201eDuhovno iscjeljivanje putem Reikija put je &nbsp;Tvojega &nbsp;srca\u201c Ovom edukacijom stje\u010dete pristup bo\u017eanskoj, spasonosnoj energiji, koja odmah nakon \u0161to vas iniciram, te\u010de kroz vas i va\u0161e ruke. Uskla\u0111uje se bitno pove\u0107anje va\u0161eg [&hellip;]<\/p>\n","protected":false},"author":2,"featured_media":0,"parent":0,"menu_order":0,"comment_status":"closed","ping_status":"closed","template":"","meta":{"ngg_post_thumbnail":0},"_links":{"self":[{"href":"https:\/\/nova-energija.hr\/index.php?rest_route=\/wp\/v2\/pages\/718"}],"collection":[{"href":"https:\/\/nova-energija.hr\/index.php?rest_route=\/wp\/v2\/pages"}],"about":[{"href":"https:\/\/nova-energija.hr\/index.php?rest_route=\/wp\/v2\/types\/page"}],"author":[{"embeddable":true,"href":"https:\/\/nova-energija.hr\/index.php?rest_route=\/wp\/v2\/users\/2"}],"replies":[{"embeddable":true,"href":"https:\/\/nova-energija.hr\/index.php?rest_route=%2Fwp%2Fv2%2Fcomments&post=718"}],"version-history":[{"count":12,"href":"https:\/\/nova-energija.hr\/index.php?rest_route=\/wp\/v2\/pages\/718\/revisions"}],"predecessor-version":[{"id":1126,"href":"https:\/\/nova-energija.hr\/index.php?rest_route=\/wp\/v2\/pages\/718\/revisions\/1126"}],"wp:attachment":[{"href":"https:\/\/nova-energija.hr\/index.php?rest_route=%2Fwp%2Fv2%2Fmedia&parent=718"}],"curies":[{"name":"wp","href":"https:\/\/api.w.org\/{rel}","templated":true}]}}