{"id":790,"date":"2020-05-03T18:45:59","date_gmt":"2020-05-03T16:45:59","guid":{"rendered":"http:\/\/nova-energija.hr\/?page_id=790"},"modified":"2020-11-11T12:37:54","modified_gmt":"2020-11-11T10:37:54","slug":"zastita-od-stednog-zracenja","status":"publish","type":"page","link":"https:\/\/nova-energija.hr\/?page_id=790","title":{"rendered":"Za\u0161tita od \u0161tetnog zra\u010denja"},"content":{"rendered":"\n<p><strong>Za\u0161tita od \u0161tetnog zra\u010denja \u2013 potreba dana\u0161njeg doba<\/strong><\/p>\n\n\n\n<figure class=\"wp-block-image size-large\"><img decoding=\"async\" loading=\"lazy\" width=\"768\" height=\"1024\" src=\"https:\/\/nova-energija.hr\/wp-content\/uploads\/2020\/08\/20200809_173826-768x1024.jpg\" alt=\"\" class=\"wp-image-819\" srcset=\"https:\/\/nova-energija.hr\/wp-content\/uploads\/2020\/08\/20200809_173826-768x1024.jpg 768w, https:\/\/nova-energija.hr\/wp-content\/uploads\/2020\/08\/20200809_173826-225x300.jpg 225w, https:\/\/nova-energija.hr\/wp-content\/uploads\/2020\/08\/20200809_173826-1152x1536.jpg 1152w, https:\/\/nova-energija.hr\/wp-content\/uploads\/2020\/08\/20200809_173826-624x832.jpg 624w, https:\/\/nova-energija.hr\/wp-content\/uploads\/2020\/08\/20200809_173826-rotated.jpg 1304w\" sizes=\"(max-width: 768px) 100vw, 768px\" \/><\/figure>\n\n\n\n<p>Kona\u010dno! Sveobuhvatna pomo\u0107! Fenomenalno prirodno lije\u010denje!<\/p>\n\n\n\n<p>Prisustvo zemljanog zra\u010denja i zaga\u0111enja elektri\u010dnog smoga je znanstveno dokazano, a njihova opasnost prepoznata. Mo\u017ee se re\u0107i da oni djeluju kao nevidljiv uni\u0161tavaju\u0107i otrov.<\/p>\n\n\n\n<p>I ako mediji izvje\u0161tavaju o \u017ertvama \u0161tetnih zra\u010denja i upozoravaju na opasnost podnog grijanja, vodenih kreveta, grija\u0107ih pokriva\u010da, radio budilica, satelitskih ure\u0111aja, mobitela, kompjuterskih zraka i jo\u0161 puno toga, jo\u0161 uvijek ima ljudi koji to smatraju glupo\u0161\u0107u. Ljudi reagiraju i po\u010dinju razmi\u0161ljati o svemu tome tek kad se pojave bolovi koji vode do ozbiljnijih zdravstvenih smetnji. Optere\u0107enje zra\u010denja djeluje \u0161tetno na \u017eiv\u010dani sustav, metabolizam i pove\u0107ava kiselost u tijelu, \u0161to pak uzrokuje jaku demineralizaciju kosti (zastra\u0161uju\u0107e da se pojavljuje ve\u0107 kod mladih!).<br \/>Upravo se u slu\u010daju raka, koji se jo\u0161 naziva \u201ezarobljenost \u010dovje\u010danstva\u201c, mjere zrake i vrtlo\u017enost, koje oboljeli emitira pri spavanju. Samo ta geobiolo\u0161ka praksa iznosi jake pismene dokaze, koji u tisu\u0107ama slu\u010dajeva pokazuju povezanost zra\u010denja i tjelesnih tegoba i bolesti.<\/p>\n\n\n\n<p>Nalet mikrovalova energetski osiroma\u0161uje hranu, tako da ostajemo gladni i nakon punog tanjura, isto kao \u0161to i uni\u0161tavaju\u0107e zrake kompjutora i mobitela djeluju kao okida\u010di sve \u010de\u0161\u0107ih alergijskih i imunolo\u0161kih oboljenja. Oni uni\u0161tavaju barijeru krvotok-mozak, tako da time u krv mogu doprijeti \u0161tetne tvari, \u0161to pak spre\u010dava obnavljanje (dioba) miliona stanica.<\/p>\n\n\n\n<p>To pak vodi do degeneracije stanica (rak), po\u0161to je sada stanica ugro\u017eena te nastupa njihovo naglo pove\u0107anje kao refleks pre\u017eivljavanja. Zaobilazite vjetrenja\u010de u \u0161irokom luku, po\u0161to se njima pripisuje uni\u0161tavaju\u0107e vrtlo\u017eenje atmosfere. Stalni stres uzrokovan podnim vibracijama i zra\u010denjem, mogu u radijusu od 10 km dovesti do tinitusa, periodi\u010dnog pritiska u oku, smetnji vida, \u0161umova u glavi, pote\u0161ko\u0107a pri gutanju, alergija, gr\u010denja mi\u0161i\u0107a, aritmije srca i jo\u0161 mnogo toga. Mjesta na kojima se postavljaju vjetrenja\u010de naru\u0161avaju prirodnu paradigmu. Postoje drugi na\u010dini za proizvodnju energije pri kojoj se \u0161titi okoli\u0161. \u010cesto se govori o za\u0161titi okoli\u0161a, ali se ne obra\u0107a pozornost na tragediju koju pritom pro\u017eivljavaju ljudi, a postavlja im se u obliku vjetrenja\u010da pod prozore njihovih prebivali\u0161ta. Ljudi procjenjuju vjetrenja\u010de po akcijskim cijenama umjesto da se pozabave njihovim \u0161tetnim utjecajem na prirodu. Porast \u0161tetnih geostati\u010dkih polja nije mogu\u0107e zaustaviti tako dugo dok znanost zanemaruje prisutnost duha \u2013 Boga. Stalno rastu\u0107a zra\u010denja uni\u0161tavaju u velikoj mjeri prirodi i kvalitetu \u017eivota svih \u017eivih bi\u0107a. Hvala Bogu da mogu pomo\u0107i!<\/p>\n\n\n\n<p>Pomo\u0107 duhovnog svijeta, svjetla i majstora svjetlosne energije uspjeva nam trajno preusmjerivanje negativnog djelovanja koje dopire od vjetrenja\u010da, oda\u0161ilja\u010da, ku\u0107a, stanova, radnih mjesta, automobila, mobitela i osloba\u0111anje svakog negativnog zra\u010denja.<\/p>\n\n\n\n<p>Zemljino zra\u010denje, podzemne vode, elektromagnetska polja, visoke frekvencije, kosmi\u010dko zra\u010denje, novoproizvedena sintetska energija, rentgensko zra\u010denje, radioaktivnost, alfa, beta i gama zrake, TV, telefonski, kompjuterski i stereo ure\u0111aji, mikrovalne pe\u0107nice, halogen lampe, UV-zrake, kemikalije, sredstva za za\u0161titu drveta, toksi\u010dki utjecaji, prehrambene namernice, lijekovi, nao\u010dale, satovi, metali u umjetnim zubima, umjetni kukovi (Titan), jednostavno sve \u0161to je negativnog djelovanja za ljudsko tijelo, pretvara se u pozitivno! Nakon oslobo\u0111enja poreme\u0107aja \u010dovjeku nedostaje desna kosmi\u010dka svjetlosna energija koja lije\u0107i!<\/p>\n\n\n\n<p>\u201eDuh, kao i metali i elementi, se mogu preobra\u017eavati iz jednog stanja u drugo, od stupnja do stupnja, od polo\u017eaja do polo\u017eaja, od vibracije do vibracije.\u201c Taj duh je nadmo\u0107an nad materijom!\u201c (Kybalon)<\/p>\n\n\n\n<p>Pomo\u0107 duhovnog alkemi\u010dara osloba\u0111anje od poreme\u0107aja i preobra\u017eaj su tako jednostavan postupak!<\/p>\n\n\n\n<p>Ja ne moram do\u0107i do Vas, ne prodajem nikakve ure\u0111aje, jer su ta pomo\u0107na sredstva izmislili ljudi, pa je time djelovanje ograni\u010deno i neusporedivo s onim \u0161to mo\u017ee pru\u017eiti vi\u0161a inteligencija duhovnog poretka.<br \/>\u2013 Po\u0161aljite mi sliku ku\u0107e, stana ili radnog mjesta (nacrt). Za mobitele je dovoljan telefonski broj! Kod automobila registracijske tablice. Kod stanova po\u0161aljite broj kata. Eventualno na slici ozna\u010dite prozor!<br \/>\u2013 Nakon dogovorenog termina uklonit \u0107u negativnu energiju u stanu. Bit \u0107ete odu\u0161evljeni odstranjenim \u0161tetnim zra\u010denjem, jer \u0107e pozitivna energija zra\u010diti cijelim prostorom. Tim postupkom prenosi se energija vibracije u obliku topline, svjetla, vibracija i magnetizma. U mnogo slu\u010dajeva je za vrijeme odrstranjenja \u0161tetnog zra\u010denja bilo rije\u010di o smanjenju bolova. Ta promjena se zato tuma\u010di kao \u010dudotvorni prirodni fenomen.<\/p>\n\n\n\n<h3 class=\"wp-block-heading\">To je ta sigurna pomo\u0107!<\/h3>\n\n\n\n<p>Ona je \u00abobavezna\u00bb za svakog, tko je upoznat, da je za svoje zdravlje sam odgovoran!<br \/>Moji programirani za\u0161titni privjesak (nakit) od (polu) dragih kamena, specijalnog drveta imaju jednu jedinu nahranjenu kosmi\u010dnu funkciju za\u0161tite zra\u010denja, koja nije iscrpljena i svoje sveobuhvatno djelovanje pokazuje. Sva izlo\u017eenost zra\u010denju, koja u dana\u0161nje vrijeme nije mogu\u0107e izbe\u0107i, budu od tog nakita od tjela odbijena. To stvara jedna vi\u0161a inteligencija, koja mo\u017ee materiju zagu\u0161njavati. Negativna energija se pretvara u pozitivnu energiju i ne mo\u017ee vi\u0161e \u0161tetiti.<\/p>\n\n\n\n<p>Vidoviti \u010dovjek vidi, kako se AURA od takvog nosiloca mog programiranog nakita stalno s pozitivnim zra\u010denjem obnavlja i ustroji, tako da se ta primjerena energetska ploha stabilizira i oped omugu\u010duje razvoj tog cijelog energetskog potencijala.<\/p>\n\n\n\n<p>Onda se javlja harmonija, i to je baza za sretno spasenje za tjelo, du\u0161u i duh.<\/p>\n\n\n\n<h3 class=\"wp-block-heading\">\u00abod jedne istine nemo\u017ee biti zabuna i ako \u010dovjek nju ne vidi.\u00bb<\/h3>\n\n\n\n<p>U va\u0161oj\/tvojoj je ruci da do\u017eivi\u0161 stvarnost od istine.<\/p>\n\n\n\n<figure class=\"wp-block-gallery columns-3 is-cropped wp-block-gallery-1 is-layout-flex\"><ul class=\"blocks-gallery-grid\"><li class=\"blocks-gallery-item\"><figure><img decoding=\"async\" loading=\"lazy\" width=\"768\" height=\"1024\" src=\"https:\/\/nova-energija.hr\/wp-content\/uploads\/2020\/08\/20200809_173852-768x1024.jpg\" alt=\"\" data-id=\"820\" data-full-url=\"https:\/\/nova-energija.hr\/wp-content\/uploads\/2020\/08\/20200809_173852-rotated.jpg\" data-link=\"https:\/\/nova-energija.hr\/?attachment_id=820\" class=\"wp-image-820\" srcset=\"https:\/\/nova-energija.hr\/wp-content\/uploads\/2020\/08\/20200809_173852-768x1024.jpg 768w, https:\/\/nova-energija.hr\/wp-content\/uploads\/2020\/08\/20200809_173852-225x300.jpg 225w, https:\/\/nova-energija.hr\/wp-content\/uploads\/2020\/08\/20200809_173852-1152x1536.jpg 1152w, https:\/\/nova-energija.hr\/wp-content\/uploads\/2020\/08\/20200809_173852-624x832.jpg 624w, https:\/\/nova-energija.hr\/wp-content\/uploads\/2020\/08\/20200809_173852-rotated.jpg 1508w\" sizes=\"(max-width: 768px) 100vw, 768px\" \/><\/figure><\/li><li class=\"blocks-gallery-item\"><figure><img decoding=\"async\" loading=\"lazy\" width=\"1024\" height=\"768\" src=\"https:\/\/nova-energija.hr\/wp-content\/uploads\/2020\/08\/20200809_173931-1024x768.jpg\" alt=\"\" data-id=\"821\" data-full-url=\"https:\/\/nova-energija.hr\/wp-content\/uploads\/2020\/08\/20200809_173931-rotated.jpg\" data-link=\"https:\/\/nova-energija.hr\/?attachment_id=821\" class=\"wp-image-821\" srcset=\"https:\/\/nova-energija.hr\/wp-content\/uploads\/2020\/08\/20200809_173931-1024x768.jpg 1024w, https:\/\/nova-energija.hr\/wp-content\/uploads\/2020\/08\/20200809_173931-300x225.jpg 300w, https:\/\/nova-energija.hr\/wp-content\/uploads\/2020\/08\/20200809_173931-768x576.jpg 768w, https:\/\/nova-energija.hr\/wp-content\/uploads\/2020\/08\/20200809_173931-1536x1152.jpg 1536w, https:\/\/nova-energija.hr\/wp-content\/uploads\/2020\/08\/20200809_173931-624x468.jpg 624w, https:\/\/nova-energija.hr\/wp-content\/uploads\/2020\/08\/20200809_173931-rotated.jpg 1949w\" sizes=\"(max-width: 1024px) 100vw, 1024px\" \/><\/figure><\/li><li class=\"blocks-gallery-item\"><figure><img decoding=\"async\" loading=\"lazy\" width=\"768\" height=\"1024\" src=\"https:\/\/nova-energija.hr\/wp-content\/uploads\/2020\/08\/20200809_173945-768x1024.jpg\" alt=\"\" data-id=\"822\" data-full-url=\"https:\/\/nova-energija.hr\/wp-content\/uploads\/2020\/08\/20200809_173945-rotated.jpg\" data-link=\"https:\/\/nova-energija.hr\/?attachment_id=822\" class=\"wp-image-822\" srcset=\"https:\/\/nova-energija.hr\/wp-content\/uploads\/2020\/08\/20200809_173945-768x1024.jpg 768w, https:\/\/nova-energija.hr\/wp-content\/uploads\/2020\/08\/20200809_173945-225x300.jpg 225w, https:\/\/nova-energija.hr\/wp-content\/uploads\/2020\/08\/20200809_173945-1152x1536.jpg 1152w, https:\/\/nova-energija.hr\/wp-content\/uploads\/2020\/08\/20200809_173945-624x832.jpg 624w, https:\/\/nova-energija.hr\/wp-content\/uploads\/2020\/08\/20200809_173945-rotated.jpg 1516w\" sizes=\"(max-width: 768px) 100vw, 768px\" \/><\/figure><\/li><li class=\"blocks-gallery-item\"><figure><img decoding=\"async\" loading=\"lazy\" width=\"768\" height=\"1024\" src=\"https:\/\/nova-energija.hr\/wp-content\/uploads\/2020\/08\/20200809_174003-768x1024.jpg\" alt=\"\" data-id=\"823\" data-full-url=\"https:\/\/nova-energija.hr\/wp-content\/uploads\/2020\/08\/20200809_174003-rotated.jpg\" data-link=\"https:\/\/nova-energija.hr\/?attachment_id=823\" class=\"wp-image-823\" srcset=\"https:\/\/nova-energija.hr\/wp-content\/uploads\/2020\/08\/20200809_174003-768x1024.jpg 768w, https:\/\/nova-energija.hr\/wp-content\/uploads\/2020\/08\/20200809_174003-225x300.jpg 225w, https:\/\/nova-energija.hr\/wp-content\/uploads\/2020\/08\/20200809_174003-1152x1536.jpg 1152w, https:\/\/nova-energija.hr\/wp-content\/uploads\/2020\/08\/20200809_174003-624x832.jpg 624w, https:\/\/nova-energija.hr\/wp-content\/uploads\/2020\/08\/20200809_174003-rotated.jpg 1503w\" sizes=\"(max-width: 768px) 100vw, 768px\" \/><\/figure><\/li><li class=\"blocks-gallery-item\"><figure><img decoding=\"async\" loading=\"lazy\" width=\"768\" height=\"1024\" src=\"https:\/\/nova-energija.hr\/wp-content\/uploads\/2020\/08\/20200809_174045-768x1024.jpg\" alt=\"\" data-id=\"824\" data-full-url=\"https:\/\/nova-energija.hr\/wp-content\/uploads\/2020\/08\/20200809_174045-rotated.jpg\" data-link=\"https:\/\/nova-energija.hr\/?attachment_id=824\" class=\"wp-image-824\" srcset=\"https:\/\/nova-energija.hr\/wp-content\/uploads\/2020\/08\/20200809_174045-768x1024.jpg 768w, https:\/\/nova-energija.hr\/wp-content\/uploads\/2020\/08\/20200809_174045-225x300.jpg 225w, https:\/\/nova-energija.hr\/wp-content\/uploads\/2020\/08\/20200809_174045-1152x1536.jpg 1152w, https:\/\/nova-energija.hr\/wp-content\/uploads\/2020\/08\/20200809_174045-1536x2048.jpg 1536w, https:\/\/nova-energija.hr\/wp-content\/uploads\/2020\/08\/20200809_174045-624x832.jpg 624w, https:\/\/nova-energija.hr\/wp-content\/uploads\/2020\/08\/20200809_174045-rotated.jpg 1538w\" sizes=\"(max-width: 768px) 100vw, 768px\" \/><\/figure><\/li><li class=\"blocks-gallery-item\"><figure><img decoding=\"async\" loading=\"lazy\" width=\"768\" height=\"1024\" src=\"https:\/\/nova-energija.hr\/wp-content\/uploads\/2020\/08\/20200809_174120-768x1024.jpg\" alt=\"\" data-id=\"825\" data-full-url=\"https:\/\/nova-energija.hr\/wp-content\/uploads\/2020\/08\/20200809_174120-rotated.jpg\" data-link=\"https:\/\/nova-energija.hr\/?attachment_id=825\" class=\"wp-image-825\" srcset=\"https:\/\/nova-energija.hr\/wp-content\/uploads\/2020\/08\/20200809_174120-768x1024.jpg 768w, https:\/\/nova-energija.hr\/wp-content\/uploads\/2020\/08\/20200809_174120-225x300.jpg 225w, https:\/\/nova-energija.hr\/wp-content\/uploads\/2020\/08\/20200809_174120-1152x1536.jpg 1152w, https:\/\/nova-energija.hr\/wp-content\/uploads\/2020\/08\/20200809_174120-624x832.jpg 624w, https:\/\/nova-energija.hr\/wp-content\/uploads\/2020\/08\/20200809_174120-rotated.jpg 1402w\" sizes=\"(max-width: 768px) 100vw, 768px\" \/><\/figure><\/li><\/ul><\/figure>\n","protected":false},"excerpt":{"rendered":"<p>Za\u0161tita od \u0161tetnog zra\u010denja \u2013 potreba dana\u0161njeg doba Kona\u010dno! Sveobuhvatna pomo\u0107! Fenomenalno prirodno lije\u010denje! Prisustvo zemljanog zra\u010denja i zaga\u0111enja elektri\u010dnog smoga je znanstveno dokazano, a njihova opasnost prepoznata. Mo\u017ee se re\u0107i da oni djeluju kao nevidljiv uni\u0161tavaju\u0107i otrov. I ako mediji izvje\u0161tavaju o \u017ertvama \u0161tetnih zra\u010denja i upozoravaju na opasnost podnog grijanja, vodenih kreveta, grija\u0107ih [&hellip;]<\/p>\n","protected":false},"author":2,"featured_media":0,"parent":0,"menu_order":0,"comment_status":"closed","ping_status":"closed","template":"","meta":{"ngg_post_thumbnail":0},"_links":{"self":[{"href":"https:\/\/nova-energija.hr\/index.php?rest_route=\/wp\/v2\/pages\/790"}],"collection":[{"href":"https:\/\/nova-energija.hr\/index.php?rest_route=\/wp\/v2\/pages"}],"about":[{"href":"https:\/\/nova-energija.hr\/index.php?rest_route=\/wp\/v2\/types\/page"}],"author":[{"embeddable":true,"href":"https:\/\/nova-energija.hr\/index.php?rest_route=\/wp\/v2\/users\/2"}],"replies":[{"embeddable":true,"href":"https:\/\/nova-energija.hr\/index.php?rest_route=%2Fwp%2Fv2%2Fcomments&post=790"}],"version-history":[{"count":3,"href":"https:\/\/nova-energija.hr\/index.php?rest_route=\/wp\/v2\/pages\/790\/revisions"}],"predecessor-version":[{"id":832,"href":"https:\/\/nova-energija.hr\/index.php?rest_route=\/wp\/v2\/pages\/790\/revisions\/832"}],"wp:attachment":[{"href":"https:\/\/nova-energija.hr\/index.php?rest_route=%2Fwp%2Fv2%2Fmedia&parent=790"}],"curies":[{"name":"wp","href":"https:\/\/api.w.org\/{rel}","templated":true}]}}