{"id":792,"date":"2020-05-03T18:49:15","date_gmt":"2020-05-03T16:49:15","guid":{"rendered":"http:\/\/nova-energija.hr\/?page_id=792"},"modified":"2026-02-01T19:15:37","modified_gmt":"2026-02-01T17:15:37","slug":"tretman-duhovnog-iscjeljivanja","status":"publish","type":"page","link":"https:\/\/nova-energija.hr\/?page_id=792","title":{"rendered":"Tretman duhovnog iscjeljivanja"},"content":{"rendered":"\n<h1 class=\"wp-block-heading\">Duhovno iscjeljivanje<\/h1>\n\n\n\n<h1 class=\"wp-block-heading\">kod Deana Jambro\u0161i\u0107a.<\/h1>\n\n\n\n<p>Najve\u0107a pomo\u0107 za Vas je sudjelovanje u&nbsp; \u201ctretmanu duhovne korekcije spu\u0161tenog zdjeli\u010dnog ustroja\u201d. Na taj tretman izravnavanja potrebno je do\u0107i samo jednom!<br \/>Ukoliko se odlu\u010dite za ovaj tretman mo\u017ee se bez dvojbe re\u0107i da \u0107e on predstavljati&nbsp; jako va\u017ean dan u Va\u0161em \u017eivotu<strong>.<\/strong><\/p>\n\n\n\n<p><strong>Postupak tretmana:<\/strong><br \/>Iscjeljenje se provodi pojedina\u010dno ili u grupi \u010dime se kroz razine svih sudionika podi\u017ee svijest duha. Bo\u017eanski plan ravnanja tijela je jedinstven za sve koji imaju iskrenu \u017eelju za provo\u0111enjem istog. Sami \u0107ete biti svjedok \u010dudesnog iscjeljenja, iskustva \u010dijeg mo\u017eete razmjenjivati s drugim klijentima. No to nije sve, pritom se doga\u0111a mnogo vi\u0161e toga! Va\u0161 iscjelitelj Dean Jambro\u0161i\u0107, sa svojim pacijentima radi&nbsp; na energetskoj razini toliko dugo koliko je potrebno. Dean Jambro\u0161i\u0107 kao iscjelitelj ne radi prema broju tretmana ve\u0107 koliko je potrebno za svakog individualno.<\/p>\n\n\n\n<p>Odvojite 1-2 sata vremena za individualni tretman, a za grupni po potrebi i du\u017ee!<br \/>Va\u0161e duhovno iscjeljenje sastoji se od \u010detiri dijela koja se provode na dan tretmana.<\/p>\n\n\n\n<h2 class=\"wp-block-heading\"><br \/>Pripremni razgovor!<\/h2>\n\n\n\n<p>\u201cDuhovna korekcija spu\u0161tenog zdjeli\u010dnog ustroja s izravnavanjem kralje\u017enice\u201c<\/p>\n\n\n\n<p>predstavlja rje\u0161avanje blokada na duhovnoj, emocionalnoj i fizi\u010dkoj razini.<\/p>\n\n\n\n<p>Cilj tretmana je da se duh \u010dovjeka dovede u \u201cBo\u017eanski red\u201d \u010dime se tijelo dovodi u svoje prirodno stanje. Tijelo i um klijenta tretiraju se snagom univerzalnog uma na na\u010din da se aktivira \u017eivotna energija koja postepeno dovodi do ozdravljenja.<\/p>\n\n\n\n<p>Kralje\u017enica je temelj prenatalnog uzorka, koja od prve stanice prima informacije i djeluje kao memorija svih emocija kroz koje pojedinac\/\u010dovjek cijeli \u017eivot u\u010di. Emotivni nesklad u odnosu na svijest poni\u0161tava se kroz proces ravnanja kralje\u017enice, tako da je mogu\u0107e da se napravi potpuno nov \u017eivotni uzorak.<\/p>\n\n\n\n<p>Prije samog tretmana bit \u0107ete podvrgnuti kratkom pregledu tijela prilikom kojeg \u0107e g. Jambro\u0161i\u0107, koji se specijalizirao na spu\u0161teni zdjeli\u010dni ustroj, kralje\u017enice i skoliozu, izmjeriti i fotografirati Va\u0161a stopala, po potrebi ramena ili le\u0111a, kako bi promjene nastale za vrijeme tretmana zauvijek ostale dokumentirane.<\/p>\n\n\n\n<h2 class=\"wp-block-heading\"><br \/>\u010ci\u0161\u0107enje od \u0161tetnog zra\u010denja!<\/h2>\n\n\n\n<p>\u010ci\u0161\u0107enje od \u0161tetnog zra\u010denja&nbsp; predstavlja oslobo\u0111enje od nevidljivih otrova,<\/p>\n\n\n\n<p>kojima se tako\u0111er pripisuje kiselost tjelesnih teku\u0107ina (reumatizam, giht, itd..)<\/p>\n\n\n\n<p>U svim tretmanima energetsko tijelo se \u010disti od negativnog zra\u010denja i zaga\u0111enja te\u0161kim metalima.<\/p>\n\n\n\n<p>Duhovni iscjeliteljski rad g. Jambro\u0161i\u0107a zapo\u010dinje sveobuhvatnim \u010di\u0161\u0107enjem (filtriranje i otklanjanje) negativnih energija. Svaka misao je oblik energije koja se tijekom \u017eivota nakuplja u tijelu \u2013 negativni oblik energije uzrokovan proklinjanjem, kletvama, krivnjom, kontroliranjem \u010dovjeka, strahom itd. Proces ozdravljenja duha tako\u0111er uklju\u010duje energetsko \u010di\u0161\u0107enje od negativnih zra\u010denja. Svi ti pritisci koji \u0161kode tijelu, a \u010desto se u \u010dovjekovom tijelu godinama podmuklo nakupljaju, poznati su pod nazivom nevidljiva \u201cpo\u0161ast \u010dovje\u010danstva\u201d!<\/p>\n\n\n\n<h2 class=\"wp-block-heading\"><br \/>Tretman izravnanja!<\/h2>\n\n\n\n<p>Putem tretmana Deana Jambro\u0161i\u0107a ispunjava se jedna od najve\u0107ih \u017eivotnih milosti! U\u017eivajte u izravnavanju spu\u0161tenog zdjeli\u010dnog ustroja, \u010dime se postavlja novi&nbsp; \u201cBo\u017eanski red\u201d u Vama.<\/p>\n\n\n\n<p>Dozvolite mi da Vam pomognem!<\/p>\n\n\n\n<p>Kroz sveobuhvatnu korekciju spu\u0161tenog zdjeli\u010dnog ustroja u samo jednom tretmanu posti\u017ee se trajno izjedna\u010davanje du\u017eine nogu, poravnavanje ramena i izravnavanje kralje\u017enice i atlasa (koliko tijelo dozvoljava).<br \/>To se sve radi isklju\u010divo snagom bo\u017eanskog duha bez dodirivanja ili manipuliranja tijela i kostura.<\/p>\n\n\n\n<p>Da je izravnanje tijela trajno, potvr\u0111uje 25 godina prakti\u010dnog iskustva Anne Huebner, Petra Elkunoviz i njihovih u\u010denika na vi\u0161e od 250.000 ljudi, a od 2007. godine na vi\u0161e od tisu\u0107u ljudi kod iscjelitelja Deana Jambro\u0161i\u0107a.<\/p>\n\n\n\n<p>Realizirano ispravljanje i izravnanje putem tretmana g. Jambro\u0161i\u0107a zna\u010di da:<\/p>\n\n\n\n<p>\u0160to Vam Bog jednom da, to ostaje za sva vremena!<\/p>\n\n\n\n<p>Dokaz je vidljiv ve\u0107 nakon prvog tretmana te svatko mo\u017ee osjetiti osloba\u0111aju\u0107i osje\u0107aj olak\u0161anja. Otpustite svoju napetost i optere\u0107enja!<\/p>\n\n\n\n<h2 class=\"wp-block-heading\"><br \/>Tretman iscjeljivanja!<\/h2>\n\n\n\n<p>Pojedina\u010dni tretman duhovnog iscjeljivanje Deana Jambro\u0161i\u0107a.<\/p>\n\n\n\n<p>Nakon uspje\u0161nog ravnanja bez obzira na stupanj oboljenja, tijelo je ispunjeno energijom ljubavi i izlje\u010denja.<br \/>Va\u0161a nova misao trebala bi glasiti:<br \/>Ja sam zdrav, ja sam dobro, hvala ti Bo\u017ee!<\/p>\n\n\n\n<p>Osnova za sveobuhvatno izlje\u010denje je stvorena!<\/p>\n\n\n\n<p>Svi zainteresirani koji \u017eele saznati ne\u0161to vi\u0161e o duhovnom iscjeljivanju, mogu se prijaviti na seminar duhovnog iscjeljenja, tako da i sami mogu postati svjetlosni radnici.<\/p>\n\n\n\n<p>\u017delim Vam sre\u0107u prilikom bla\u017eenog procesa ozdravljenja!<\/p>\n\n\n\n<p>Dean Jambro\u0161i\u0107<\/p>\n\n\n\n<div class=\"wp-block-group is-layout-flow\"><div class=\"wp-block-group__inner-container\">\n<figure class=\"wp-block-gallery has-nested-images columns-default is-cropped wp-block-gallery-1 is-layout-flex\">\n<figure class=\"wp-block-image size-large\"><img decoding=\"async\" loading=\"lazy\" width=\"768\" height=\"1024\" src=\"https:\/\/nova-energija.hr\/wp-content\/uploads\/2020\/08\/20200809_173852-768x1024.jpg\" alt=\"\" class=\"wp-image-820\" srcset=\"https:\/\/nova-energija.hr\/wp-content\/uploads\/2020\/08\/20200809_173852-768x1024.jpg 768w, https:\/\/nova-energija.hr\/wp-content\/uploads\/2020\/08\/20200809_173852-225x300.jpg 225w, https:\/\/nova-energija.hr\/wp-content\/uploads\/2020\/08\/20200809_173852-1152x1536.jpg 1152w, https:\/\/nova-energija.hr\/wp-content\/uploads\/2020\/08\/20200809_173852-624x832.jpg 624w, https:\/\/nova-energija.hr\/wp-content\/uploads\/2020\/08\/20200809_173852-rotated.jpg 1508w\" sizes=\"(max-width: 768px) 100vw, 768px\" \/><\/figure>\n\n\n\n<figure class=\"wp-block-image size-large\"><img decoding=\"async\" loading=\"lazy\" width=\"1024\" height=\"768\" src=\"https:\/\/nova-energija.hr\/wp-content\/uploads\/2020\/08\/20200809_173931-1024x768.jpg\" alt=\"\" class=\"wp-image-821\" srcset=\"https:\/\/nova-energija.hr\/wp-content\/uploads\/2020\/08\/20200809_173931-1024x768.jpg 1024w, https:\/\/nova-energija.hr\/wp-content\/uploads\/2020\/08\/20200809_173931-300x225.jpg 300w, https:\/\/nova-energija.hr\/wp-content\/uploads\/2020\/08\/20200809_173931-768x576.jpg 768w, https:\/\/nova-energija.hr\/wp-content\/uploads\/2020\/08\/20200809_173931-1536x1152.jpg 1536w, https:\/\/nova-energija.hr\/wp-content\/uploads\/2020\/08\/20200809_173931-624x468.jpg 624w, https:\/\/nova-energija.hr\/wp-content\/uploads\/2020\/08\/20200809_173931-rotated.jpg 1949w\" sizes=\"(max-width: 1024px) 100vw, 1024px\" \/><\/figure>\n\n\n\n<figure class=\"wp-block-image size-large\"><img decoding=\"async\" loading=\"lazy\" width=\"768\" height=\"1024\" src=\"https:\/\/nova-energija.hr\/wp-content\/uploads\/2020\/08\/20200809_173945-768x1024.jpg\" alt=\"\" class=\"wp-image-822\" srcset=\"https:\/\/nova-energija.hr\/wp-content\/uploads\/2020\/08\/20200809_173945-768x1024.jpg 768w, https:\/\/nova-energija.hr\/wp-content\/uploads\/2020\/08\/20200809_173945-225x300.jpg 225w, https:\/\/nova-energija.hr\/wp-content\/uploads\/2020\/08\/20200809_173945-1152x1536.jpg 1152w, https:\/\/nova-energija.hr\/wp-content\/uploads\/2020\/08\/20200809_173945-624x832.jpg 624w, https:\/\/nova-energija.hr\/wp-content\/uploads\/2020\/08\/20200809_173945-rotated.jpg 1516w\" sizes=\"(max-width: 768px) 100vw, 768px\" \/><\/figure>\n\n\n\n<figure class=\"wp-block-image size-large\"><img decoding=\"async\" loading=\"lazy\" width=\"768\" height=\"1024\" src=\"https:\/\/nova-energija.hr\/wp-content\/uploads\/2020\/08\/20200809_174003-768x1024.jpg\" alt=\"\" class=\"wp-image-823\" srcset=\"https:\/\/nova-energija.hr\/wp-content\/uploads\/2020\/08\/20200809_174003-768x1024.jpg 768w, https:\/\/nova-energija.hr\/wp-content\/uploads\/2020\/08\/20200809_174003-225x300.jpg 225w, https:\/\/nova-energija.hr\/wp-content\/uploads\/2020\/08\/20200809_174003-1152x1536.jpg 1152w, https:\/\/nova-energija.hr\/wp-content\/uploads\/2020\/08\/20200809_174003-624x832.jpg 624w, https:\/\/nova-energija.hr\/wp-content\/uploads\/2020\/08\/20200809_174003-rotated.jpg 1503w\" sizes=\"(max-width: 768px) 100vw, 768px\" \/><\/figure>\n\n\n\n<figure class=\"wp-block-image size-large\"><img decoding=\"async\" loading=\"lazy\" width=\"768\" height=\"1024\" src=\"https:\/\/nova-energija.hr\/wp-content\/uploads\/2020\/08\/20200809_174045-768x1024.jpg\" alt=\"\" class=\"wp-image-824\" srcset=\"https:\/\/nova-energija.hr\/wp-content\/uploads\/2020\/08\/20200809_174045-768x1024.jpg 768w, https:\/\/nova-energija.hr\/wp-content\/uploads\/2020\/08\/20200809_174045-225x300.jpg 225w, https:\/\/nova-energija.hr\/wp-content\/uploads\/2020\/08\/20200809_174045-1152x1536.jpg 1152w, https:\/\/nova-energija.hr\/wp-content\/uploads\/2020\/08\/20200809_174045-1536x2048.jpg 1536w, https:\/\/nova-energija.hr\/wp-content\/uploads\/2020\/08\/20200809_174045-624x832.jpg 624w, https:\/\/nova-energija.hr\/wp-content\/uploads\/2020\/08\/20200809_174045-rotated.jpg 1538w\" sizes=\"(max-width: 768px) 100vw, 768px\" \/><\/figure>\n\n\n\n<figure class=\"wp-block-image size-large\"><img decoding=\"async\" loading=\"lazy\" width=\"768\" height=\"1024\" src=\"https:\/\/nova-energija.hr\/wp-content\/uploads\/2020\/08\/20200809_174120-768x1024.jpg\" alt=\"\" class=\"wp-image-825\" srcset=\"https:\/\/nova-energija.hr\/wp-content\/uploads\/2020\/08\/20200809_174120-768x1024.jpg 768w, https:\/\/nova-energija.hr\/wp-content\/uploads\/2020\/08\/20200809_174120-225x300.jpg 225w, https:\/\/nova-energija.hr\/wp-content\/uploads\/2020\/08\/20200809_174120-1152x1536.jpg 1152w, https:\/\/nova-energija.hr\/wp-content\/uploads\/2020\/08\/20200809_174120-624x832.jpg 624w, https:\/\/nova-energija.hr\/wp-content\/uploads\/2020\/08\/20200809_174120-rotated.jpg 1402w\" sizes=\"(max-width: 768px) 100vw, 768px\" \/><\/figure>\n\n\n\n<figure class=\"wp-block-image size-large\"><img decoding=\"async\" loading=\"lazy\" width=\"768\" height=\"1024\" src=\"https:\/\/nova-energija.hr\/wp-content\/uploads\/2020\/08\/20200809_173826-768x1024.jpg\" alt=\"\" class=\"wp-image-819\" srcset=\"https:\/\/nova-energija.hr\/wp-content\/uploads\/2020\/08\/20200809_173826-768x1024.jpg 768w, https:\/\/nova-energija.hr\/wp-content\/uploads\/2020\/08\/20200809_173826-225x300.jpg 225w, https:\/\/nova-energija.hr\/wp-content\/uploads\/2020\/08\/20200809_173826-1152x1536.jpg 1152w, https:\/\/nova-energija.hr\/wp-content\/uploads\/2020\/08\/20200809_173826-624x832.jpg 624w, https:\/\/nova-energija.hr\/wp-content\/uploads\/2020\/08\/20200809_173826-rotated.jpg 1304w\" sizes=\"(max-width: 768px) 100vw, 768px\" \/><\/figure>\n<\/figure>\n<\/div><\/div>\n","protected":false},"excerpt":{"rendered":"<p>Duhovno iscjeljivanje kod Deana Jambro\u0161i\u0107a. Najve\u0107a pomo\u0107 za Vas je sudjelovanje u&nbsp; \u201ctretmanu duhovne korekcije spu\u0161tenog zdjeli\u010dnog ustroja\u201d. Na taj tretman izravnavanja potrebno je do\u0107i samo jednom!Ukoliko se odlu\u010dite za ovaj tretman mo\u017ee se bez dvojbe re\u0107i da \u0107e on predstavljati&nbsp; jako va\u017ean dan u Va\u0161em \u017eivotu. Postupak tretmana:Iscjeljenje se provodi pojedina\u010dno ili u grupi [&hellip;]<\/p>\n","protected":false},"author":2,"featured_media":0,"parent":0,"menu_order":0,"comment_status":"closed","ping_status":"closed","template":"","meta":{"ngg_post_thumbnail":0},"_links":{"self":[{"href":"https:\/\/nova-energija.hr\/index.php?rest_route=\/wp\/v2\/pages\/792"}],"collection":[{"href":"https:\/\/nova-energija.hr\/index.php?rest_route=\/wp\/v2\/pages"}],"about":[{"href":"https:\/\/nova-energija.hr\/index.php?rest_route=\/wp\/v2\/types\/page"}],"author":[{"embeddable":true,"href":"https:\/\/nova-energija.hr\/index.php?rest_route=\/wp\/v2\/users\/2"}],"replies":[{"embeddable":true,"href":"https:\/\/nova-energija.hr\/index.php?rest_route=%2Fwp%2Fv2%2Fcomments&post=792"}],"version-history":[{"count":3,"href":"https:\/\/nova-energija.hr\/index.php?rest_route=\/wp\/v2\/pages\/792\/revisions"}],"predecessor-version":[{"id":1114,"href":"https:\/\/nova-energija.hr\/index.php?rest_route=\/wp\/v2\/pages\/792\/revisions\/1114"}],"wp:attachment":[{"href":"https:\/\/nova-energija.hr\/index.php?rest_route=%2Fwp%2Fv2%2Fmedia&parent=792"}],"curies":[{"name":"wp","href":"https:\/\/api.w.org\/{rel}","templated":true}]}}