{"id":920,"date":"2022-11-07T12:50:49","date_gmt":"2022-11-07T10:50:49","guid":{"rendered":"http:\/\/nova-energija.hr\/?page_id=920"},"modified":"2022-11-07T13:11:01","modified_gmt":"2022-11-07T11:11:01","slug":"knjiga-2","status":"publish","type":"page","link":"https:\/\/nova-energija.hr\/?page_id=920","title":{"rendered":"Knjiga"},"content":{"rendered":"\n<p>Duhovno ispravljanje kralje\u017enice &#8230;<\/p>\n\n\n\n<p>Screenshots iz 2. izdanje knjige 2022 &#8220;Duhovno ispravljanje kralje\u017enice&#8230;\u010cuda jo\u0161 postoje&#8221;, NOVO izdanje sadr\u017ei 224 stranice pun informacija o kralje\u017enici i mog posla.<\/p>\n\n\n\n<p><\/p>\n\n\n\n<figure class=\"wp-block-image size-large\"><a href=\"https:\/\/nova-energija.hr\/wp-content\/uploads\/2022\/11\/cover-1.jpg\"><img decoding=\"async\" loading=\"lazy\" width=\"722\" height=\"1024\" src=\"https:\/\/nova-energija.hr\/wp-content\/uploads\/2022\/11\/cover-1-722x1024.jpg\" alt=\"\" class=\"wp-image-922\" srcset=\"https:\/\/nova-energija.hr\/wp-content\/uploads\/2022\/11\/cover-1-722x1024.jpg 722w, https:\/\/nova-energija.hr\/wp-content\/uploads\/2022\/11\/cover-1-211x300.jpg 211w, https:\/\/nova-energija.hr\/wp-content\/uploads\/2022\/11\/cover-1-768x1090.jpg 768w, https:\/\/nova-energija.hr\/wp-content\/uploads\/2022\/11\/cover-1-624x885.jpg 624w, https:\/\/nova-energija.hr\/wp-content\/uploads\/2022\/11\/cover-1.jpg 874w\" sizes=\"(max-width: 722px) 100vw, 722px\" \/><\/a><\/figure>\n\n\n\n<figure class=\"wp-block-image size-large\"><a href=\"https:\/\/nova-energija.hr\/wp-content\/uploads\/2022\/11\/web1-scaled.jpg\"><img decoding=\"async\" loading=\"lazy\" width=\"1024\" height=\"738\" src=\"https:\/\/nova-energija.hr\/wp-content\/uploads\/2022\/11\/web1-1024x738.jpg\" alt=\"\" class=\"wp-image-924\" srcset=\"https:\/\/nova-energija.hr\/wp-content\/uploads\/2022\/11\/web1-1024x738.jpg 1024w, https:\/\/nova-energija.hr\/wp-content\/uploads\/2022\/11\/web1-300x216.jpg 300w, https:\/\/nova-energija.hr\/wp-content\/uploads\/2022\/11\/web1-768x553.jpg 768w, https:\/\/nova-energija.hr\/wp-content\/uploads\/2022\/11\/web1-1536x1107.jpg 1536w, https:\/\/nova-energija.hr\/wp-content\/uploads\/2022\/11\/web1-2048x1476.jpg 2048w, https:\/\/nova-energija.hr\/wp-content\/uploads\/2022\/11\/web1-624x450.jpg 624w\" sizes=\"(max-width: 1024px) 100vw, 1024px\" \/><\/a><\/figure>\n\n\n\n<figure class=\"wp-block-image size-large\"><a href=\"https:\/\/nova-energija.hr\/wp-content\/uploads\/2022\/11\/web2-scaled.jpg\"><img decoding=\"async\" loading=\"lazy\" width=\"1024\" height=\"743\" src=\"https:\/\/nova-energija.hr\/wp-content\/uploads\/2022\/11\/web2-1024x743.jpg\" alt=\"\" class=\"wp-image-925\" srcset=\"https:\/\/nova-energija.hr\/wp-content\/uploads\/2022\/11\/web2-1024x743.jpg 1024w, https:\/\/nova-energija.hr\/wp-content\/uploads\/2022\/11\/web2-300x218.jpg 300w, https:\/\/nova-energija.hr\/wp-content\/uploads\/2022\/11\/web2-768x557.jpg 768w, https:\/\/nova-energija.hr\/wp-content\/uploads\/2022\/11\/web2-1536x1114.jpg 1536w, https:\/\/nova-energija.hr\/wp-content\/uploads\/2022\/11\/web2-2048x1485.jpg 2048w, https:\/\/nova-energija.hr\/wp-content\/uploads\/2022\/11\/web2-624x453.jpg 624w\" sizes=\"(max-width: 1024px) 100vw, 1024px\" \/><\/a><\/figure>\n\n\n\n<figure class=\"wp-block-image size-large\"><a href=\"https:\/\/nova-energija.hr\/wp-content\/uploads\/2022\/11\/web3-rotated.jpg\"><img decoding=\"async\" loading=\"lazy\" width=\"697\" height=\"1024\" src=\"https:\/\/nova-energija.hr\/wp-content\/uploads\/2022\/11\/web3-697x1024.jpg\" alt=\"\" class=\"wp-image-926\" srcset=\"https:\/\/nova-energija.hr\/wp-content\/uploads\/2022\/11\/web3-697x1024.jpg 697w, https:\/\/nova-energija.hr\/wp-content\/uploads\/2022\/11\/web3-204x300.jpg 204w, https:\/\/nova-energija.hr\/wp-content\/uploads\/2022\/11\/web3-768x1128.jpg 768w, https:\/\/nova-energija.hr\/wp-content\/uploads\/2022\/11\/web3-1045x1536.jpg 1045w, https:\/\/nova-energija.hr\/wp-content\/uploads\/2022\/11\/web3-1394x2048.jpg 1394w, https:\/\/nova-energija.hr\/wp-content\/uploads\/2022\/11\/web3-624x917.jpg 624w, https:\/\/nova-energija.hr\/wp-content\/uploads\/2022\/11\/web3-rotated.jpg 1628w\" sizes=\"(max-width: 697px) 100vw, 697px\" \/><\/a><\/figure>\n\n\n\n<figure class=\"wp-block-image size-large\"><a href=\"https:\/\/nova-energija.hr\/wp-content\/uploads\/2022\/11\/web4-scaled.jpg\"><img decoding=\"async\" loading=\"lazy\" width=\"1024\" height=\"728\" src=\"https:\/\/nova-energija.hr\/wp-content\/uploads\/2022\/11\/web4-1024x728.jpg\" alt=\"\" class=\"wp-image-927\" srcset=\"https:\/\/nova-energija.hr\/wp-content\/uploads\/2022\/11\/web4-1024x728.jpg 1024w, https:\/\/nova-energija.hr\/wp-content\/uploads\/2022\/11\/web4-300x213.jpg 300w, https:\/\/nova-energija.hr\/wp-content\/uploads\/2022\/11\/web4-768x546.jpg 768w, https:\/\/nova-energija.hr\/wp-content\/uploads\/2022\/11\/web4-1536x1092.jpg 1536w, https:\/\/nova-energija.hr\/wp-content\/uploads\/2022\/11\/web4-2048x1457.jpg 2048w, https:\/\/nova-energija.hr\/wp-content\/uploads\/2022\/11\/web4-624x444.jpg 624w\" sizes=\"(max-width: 1024px) 100vw, 1024px\" \/><\/a><\/figure>\n\n\n\n<figure class=\"wp-block-image size-large\"><a href=\"https:\/\/nova-energija.hr\/wp-content\/uploads\/2022\/11\/web5-scaled.jpg\"><img decoding=\"async\" loading=\"lazy\" width=\"1024\" height=\"715\" src=\"https:\/\/nova-energija.hr\/wp-content\/uploads\/2022\/11\/web5-1024x715.jpg\" alt=\"\" class=\"wp-image-928\" srcset=\"https:\/\/nova-energija.hr\/wp-content\/uploads\/2022\/11\/web5-1024x715.jpg 1024w, https:\/\/nova-energija.hr\/wp-content\/uploads\/2022\/11\/web5-300x209.jpg 300w, https:\/\/nova-energija.hr\/wp-content\/uploads\/2022\/11\/web5-768x536.jpg 768w, https:\/\/nova-energija.hr\/wp-content\/uploads\/2022\/11\/web5-1536x1072.jpg 1536w, https:\/\/nova-energija.hr\/wp-content\/uploads\/2022\/11\/web5-2048x1429.jpg 2048w, https:\/\/nova-energija.hr\/wp-content\/uploads\/2022\/11\/web5-624x435.jpg 624w\" sizes=\"(max-width: 1024px) 100vw, 1024px\" \/><\/a><\/figure>\n\n\n\n<figure class=\"wp-block-image size-large\"><a href=\"https:\/\/nova-energija.hr\/wp-content\/uploads\/2022\/11\/web6-rotated.jpg\"><img decoding=\"async\" loading=\"lazy\" width=\"660\" height=\"1024\" src=\"https:\/\/nova-energija.hr\/wp-content\/uploads\/2022\/11\/web6-660x1024.jpg\" alt=\"\" class=\"wp-image-929\" srcset=\"https:\/\/nova-energija.hr\/wp-content\/uploads\/2022\/11\/web6-660x1024.jpg 660w, https:\/\/nova-energija.hr\/wp-content\/uploads\/2022\/11\/web6-193x300.jpg 193w, https:\/\/nova-energija.hr\/wp-content\/uploads\/2022\/11\/web6-768x1191.jpg 768w, https:\/\/nova-energija.hr\/wp-content\/uploads\/2022\/11\/web6-990x1536.jpg 990w, https:\/\/nova-energija.hr\/wp-content\/uploads\/2022\/11\/web6-1320x2048.jpg 1320w, https:\/\/nova-energija.hr\/wp-content\/uploads\/2022\/11\/web6-624x968.jpg 624w, https:\/\/nova-energija.hr\/wp-content\/uploads\/2022\/11\/web6-rotated.jpg 1560w\" sizes=\"(max-width: 660px) 100vw, 660px\" \/><\/a><\/figure>\n\n\n\n<figure class=\"wp-block-image size-large\"><a href=\"https:\/\/nova-energija.hr\/wp-content\/uploads\/2022\/11\/web7-rotated.jpg\"><img decoding=\"async\" loading=\"lazy\" width=\"728\" height=\"1024\" src=\"https:\/\/nova-energija.hr\/wp-content\/uploads\/2022\/11\/web7-728x1024.jpg\" alt=\"\" class=\"wp-image-930\" srcset=\"https:\/\/nova-energija.hr\/wp-content\/uploads\/2022\/11\/web7-728x1024.jpg 728w, https:\/\/nova-energija.hr\/wp-content\/uploads\/2022\/11\/web7-213x300.jpg 213w, https:\/\/nova-energija.hr\/wp-content\/uploads\/2022\/11\/web7-768x1080.jpg 768w, https:\/\/nova-energija.hr\/wp-content\/uploads\/2022\/11\/web7-1092x1536.jpg 1092w, https:\/\/nova-energija.hr\/wp-content\/uploads\/2022\/11\/web7-1457x2048.jpg 1457w, https:\/\/nova-energija.hr\/wp-content\/uploads\/2022\/11\/web7-624x877.jpg 624w, https:\/\/nova-energija.hr\/wp-content\/uploads\/2022\/11\/web7-rotated.jpg 1724w\" sizes=\"(max-width: 728px) 100vw, 728px\" \/><\/a><\/figure>\n\n\n\n<figure class=\"wp-block-image size-large\"><a href=\"https:\/\/nova-energija.hr\/wp-content\/uploads\/2022\/11\/web8-scaled.jpg\"><img decoding=\"async\" loading=\"lazy\" width=\"1024\" height=\"708\" src=\"https:\/\/nova-energija.hr\/wp-content\/uploads\/2022\/11\/web8-1024x708.jpg\" alt=\"\" class=\"wp-image-931\" srcset=\"https:\/\/nova-energija.hr\/wp-content\/uploads\/2022\/11\/web8-1024x708.jpg 1024w, https:\/\/nova-energija.hr\/wp-content\/uploads\/2022\/11\/web8-300x208.jpg 300w, https:\/\/nova-energija.hr\/wp-content\/uploads\/2022\/11\/web8-768x531.jpg 768w, https:\/\/nova-energija.hr\/wp-content\/uploads\/2022\/11\/web8-1536x1062.jpg 1536w, https:\/\/nova-energija.hr\/wp-content\/uploads\/2022\/11\/web8-2048x1417.jpg 2048w, https:\/\/nova-energija.hr\/wp-content\/uploads\/2022\/11\/web8-624x432.jpg 624w\" sizes=\"(max-width: 1024px) 100vw, 1024px\" \/><\/a><\/figure>\n\n\n\n<figure class=\"wp-block-image size-large\"><a href=\"https:\/\/nova-energija.hr\/wp-content\/uploads\/2022\/11\/web9-scaled.jpg\"><img decoding=\"async\" loading=\"lazy\" width=\"1024\" height=\"744\" src=\"https:\/\/nova-energija.hr\/wp-content\/uploads\/2022\/11\/web9-1024x744.jpg\" alt=\"\" class=\"wp-image-932\" srcset=\"https:\/\/nova-energija.hr\/wp-content\/uploads\/2022\/11\/web9-1024x744.jpg 1024w, https:\/\/nova-energija.hr\/wp-content\/uploads\/2022\/11\/web9-300x218.jpg 300w, https:\/\/nova-energija.hr\/wp-content\/uploads\/2022\/11\/web9-768x558.jpg 768w, https:\/\/nova-energija.hr\/wp-content\/uploads\/2022\/11\/web9-1536x1116.jpg 1536w, https:\/\/nova-energija.hr\/wp-content\/uploads\/2022\/11\/web9-2048x1488.jpg 2048w, https:\/\/nova-energija.hr\/wp-content\/uploads\/2022\/11\/web9-624x453.jpg 624w\" sizes=\"(max-width: 1024px) 100vw, 1024px\" \/><\/a><\/figure>\n\n\n\n<figure class=\"wp-block-image size-large\"><a href=\"https:\/\/nova-energija.hr\/wp-content\/uploads\/2022\/11\/web10-scaled.jpg\"><img decoding=\"async\" loading=\"lazy\" width=\"1024\" height=\"720\" src=\"https:\/\/nova-energija.hr\/wp-content\/uploads\/2022\/11\/web10-1024x720.jpg\" alt=\"\" class=\"wp-image-933\" srcset=\"https:\/\/nova-energija.hr\/wp-content\/uploads\/2022\/11\/web10-1024x720.jpg 1024w, https:\/\/nova-energija.hr\/wp-content\/uploads\/2022\/11\/web10-300x211.jpg 300w, https:\/\/nova-energija.hr\/wp-content\/uploads\/2022\/11\/web10-768x540.jpg 768w, https:\/\/nova-energija.hr\/wp-content\/uploads\/2022\/11\/web10-1536x1080.jpg 1536w, https:\/\/nova-energija.hr\/wp-content\/uploads\/2022\/11\/web10-2048x1440.jpg 2048w, https:\/\/nova-energija.hr\/wp-content\/uploads\/2022\/11\/web10-624x439.jpg 624w\" sizes=\"(max-width: 1024px) 100vw, 1024px\" \/><\/a><\/figure>\n\n\n\n<figure class=\"wp-block-image size-large\"><a href=\"https:\/\/nova-energija.hr\/wp-content\/uploads\/2022\/11\/web11-rotated.jpg\"><img decoding=\"async\" loading=\"lazy\" width=\"704\" height=\"1024\" src=\"https:\/\/nova-energija.hr\/wp-content\/uploads\/2022\/11\/web11-704x1024.jpg\" alt=\"\" class=\"wp-image-934\" srcset=\"https:\/\/nova-energija.hr\/wp-content\/uploads\/2022\/11\/web11-704x1024.jpg 704w, https:\/\/nova-energija.hr\/wp-content\/uploads\/2022\/11\/web11-206x300.jpg 206w, https:\/\/nova-energija.hr\/wp-content\/uploads\/2022\/11\/web11-768x1117.jpg 768w, https:\/\/nova-energija.hr\/wp-content\/uploads\/2022\/11\/web11-1056x1536.jpg 1056w, https:\/\/nova-energija.hr\/wp-content\/uploads\/2022\/11\/web11-1408x2048.jpg 1408w, https:\/\/nova-energija.hr\/wp-content\/uploads\/2022\/11\/web11-624x908.jpg 624w, https:\/\/nova-energija.hr\/wp-content\/uploads\/2022\/11\/web11-rotated.jpg 1644w\" sizes=\"(max-width: 704px) 100vw, 704px\" \/><\/a><\/figure>\n\n\n\n<figure class=\"wp-block-image size-large\"><a href=\"https:\/\/nova-energija.hr\/wp-content\/uploads\/2022\/11\/web12-scaled.jpg\"><img decoding=\"async\" loading=\"lazy\" width=\"1024\" height=\"719\" src=\"https:\/\/nova-energija.hr\/wp-content\/uploads\/2022\/11\/web12-1024x719.jpg\" alt=\"\" class=\"wp-image-935\" srcset=\"https:\/\/nova-energija.hr\/wp-content\/uploads\/2022\/11\/web12-1024x719.jpg 1024w, https:\/\/nova-energija.hr\/wp-content\/uploads\/2022\/11\/web12-300x211.jpg 300w, https:\/\/nova-energija.hr\/wp-content\/uploads\/2022\/11\/web12-768x539.jpg 768w, https:\/\/nova-energija.hr\/wp-content\/uploads\/2022\/11\/web12-1536x1079.jpg 1536w, https:\/\/nova-energija.hr\/wp-content\/uploads\/2022\/11\/web12-2048x1438.jpg 2048w, https:\/\/nova-energija.hr\/wp-content\/uploads\/2022\/11\/web12-624x438.jpg 624w\" sizes=\"(max-width: 1024px) 100vw, 1024px\" \/><\/a><\/figure>\n\n\n\n<figure class=\"wp-block-image size-large\"><a href=\"https:\/\/nova-energija.hr\/wp-content\/uploads\/2022\/11\/web13-scaled.jpg\"><img decoding=\"async\" loading=\"lazy\" width=\"1024\" height=\"706\" src=\"https:\/\/nova-energija.hr\/wp-content\/uploads\/2022\/11\/web13-1024x706.jpg\" alt=\"\" class=\"wp-image-936\" srcset=\"https:\/\/nova-energija.hr\/wp-content\/uploads\/2022\/11\/web13-1024x706.jpg 1024w, https:\/\/nova-energija.hr\/wp-content\/uploads\/2022\/11\/web13-300x207.jpg 300w, https:\/\/nova-energija.hr\/wp-content\/uploads\/2022\/11\/web13-768x530.jpg 768w, https:\/\/nova-energija.hr\/wp-content\/uploads\/2022\/11\/web13-1536x1059.jpg 1536w, https:\/\/nova-energija.hr\/wp-content\/uploads\/2022\/11\/web13-2048x1413.jpg 2048w, https:\/\/nova-energija.hr\/wp-content\/uploads\/2022\/11\/web13-624x430.jpg 624w\" sizes=\"(max-width: 1024px) 100vw, 1024px\" \/><\/a><\/figure>\n\n\n\n<figure class=\"wp-block-image size-large\"><a href=\"https:\/\/nova-energija.hr\/wp-content\/uploads\/2022\/11\/web14-rotated.jpg\"><img decoding=\"async\" loading=\"lazy\" width=\"722\" height=\"1024\" src=\"https:\/\/nova-energija.hr\/wp-content\/uploads\/2022\/11\/web14-722x1024.jpg\" alt=\"\" class=\"wp-image-937\" srcset=\"https:\/\/nova-energija.hr\/wp-content\/uploads\/2022\/11\/web14-722x1024.jpg 722w, https:\/\/nova-energija.hr\/wp-content\/uploads\/2022\/11\/web14-212x300.jpg 212w, https:\/\/nova-energija.hr\/wp-content\/uploads\/2022\/11\/web14-768x1089.jpg 768w, https:\/\/nova-energija.hr\/wp-content\/uploads\/2022\/11\/web14-1083x1536.jpg 1083w, https:\/\/nova-energija.hr\/wp-content\/uploads\/2022\/11\/web14-1444x2048.jpg 1444w, https:\/\/nova-energija.hr\/wp-content\/uploads\/2022\/11\/web14-624x885.jpg 624w, https:\/\/nova-energija.hr\/wp-content\/uploads\/2022\/11\/web14-rotated.jpg 1684w\" sizes=\"(max-width: 722px) 100vw, 722px\" \/><\/a><\/figure>\n\n\n\n<figure class=\"wp-block-image size-large\"><a href=\"https:\/\/nova-energija.hr\/wp-content\/uploads\/2022\/11\/web15-rotated.jpg\"><img decoding=\"async\" loading=\"lazy\" width=\"719\" height=\"1024\" src=\"https:\/\/nova-energija.hr\/wp-content\/uploads\/2022\/11\/web15-719x1024.jpg\" alt=\"\" class=\"wp-image-938\" srcset=\"https:\/\/nova-energija.hr\/wp-content\/uploads\/2022\/11\/web15-719x1024.jpg 719w, https:\/\/nova-energija.hr\/wp-content\/uploads\/2022\/11\/web15-211x300.jpg 211w, https:\/\/nova-energija.hr\/wp-content\/uploads\/2022\/11\/web15-768x1093.jpg 768w, https:\/\/nova-energija.hr\/wp-content\/uploads\/2022\/11\/web15-1079x1536.jpg 1079w, https:\/\/nova-energija.hr\/wp-content\/uploads\/2022\/11\/web15-1439x2048.jpg 1439w, https:\/\/nova-energija.hr\/wp-content\/uploads\/2022\/11\/web15-624x888.jpg 624w, https:\/\/nova-energija.hr\/wp-content\/uploads\/2022\/11\/web15-rotated.jpg 1672w\" sizes=\"(max-width: 719px) 100vw, 719px\" \/><\/a><\/figure>\n\n\n\n<figure class=\"wp-block-image size-large\"><a href=\"https:\/\/nova-energija.hr\/wp-content\/uploads\/2022\/11\/web16-scaled.jpg\"><img decoding=\"async\" loading=\"lazy\" width=\"1024\" height=\"718\" src=\"https:\/\/nova-energija.hr\/wp-content\/uploads\/2022\/11\/web16-1024x718.jpg\" alt=\"\" class=\"wp-image-939\" srcset=\"https:\/\/nova-energija.hr\/wp-content\/uploads\/2022\/11\/web16-1024x718.jpg 1024w, https:\/\/nova-energija.hr\/wp-content\/uploads\/2022\/11\/web16-300x210.jpg 300w, https:\/\/nova-energija.hr\/wp-content\/uploads\/2022\/11\/web16-768x538.jpg 768w, https:\/\/nova-energija.hr\/wp-content\/uploads\/2022\/11\/web16-1536x1077.jpg 1536w, https:\/\/nova-energija.hr\/wp-content\/uploads\/2022\/11\/web16-2048x1436.jpg 2048w, https:\/\/nova-energija.hr\/wp-content\/uploads\/2022\/11\/web16-624x437.jpg 624w\" sizes=\"(max-width: 1024px) 100vw, 1024px\" \/><\/a><\/figure>\n\n\n\n<figure class=\"wp-block-image size-large\"><a href=\"https:\/\/nova-energija.hr\/wp-content\/uploads\/2022\/11\/cover-2.jpg\"><img decoding=\"async\" loading=\"lazy\" width=\"722\" height=\"1024\" src=\"https:\/\/nova-energija.hr\/wp-content\/uploads\/2022\/11\/cover-2-722x1024.jpg\" alt=\"\" class=\"wp-image-940\" srcset=\"https:\/\/nova-energija.hr\/wp-content\/uploads\/2022\/11\/cover-2-722x1024.jpg 722w, https:\/\/nova-energija.hr\/wp-content\/uploads\/2022\/11\/cover-2-211x300.jpg 211w, https:\/\/nova-energija.hr\/wp-content\/uploads\/2022\/11\/cover-2-768x1090.jpg 768w, https:\/\/nova-energija.hr\/wp-content\/uploads\/2022\/11\/cover-2-624x885.jpg 624w, https:\/\/nova-energija.hr\/wp-content\/uploads\/2022\/11\/cover-2.jpg 874w\" sizes=\"(max-width: 722px) 100vw, 722px\" \/><\/a><\/figure>\n","protected":false},"excerpt":{"rendered":"<p>Duhovno ispravljanje kralje\u017enice &#8230; Screenshots iz 2. izdanje knjige 2022 &#8220;Duhovno ispravljanje kralje\u017enice&#8230;\u010cuda jo\u0161 postoje&#8221;, NOVO izdanje sadr\u017ei 224 stranice pun informacija o kralje\u017enici i mog posla.<\/p>\n","protected":false},"author":2,"featured_media":0,"parent":0,"menu_order":0,"comment_status":"closed","ping_status":"closed","template":"","meta":{"ngg_post_thumbnail":0},"_links":{"self":[{"href":"https:\/\/nova-energija.hr\/index.php?rest_route=\/wp\/v2\/pages\/920"}],"collection":[{"href":"https:\/\/nova-energija.hr\/index.php?rest_route=\/wp\/v2\/pages"}],"about":[{"href":"https:\/\/nova-energija.hr\/index.php?rest_route=\/wp\/v2\/types\/page"}],"author":[{"embeddable":true,"href":"https:\/\/nova-energija.hr\/index.php?rest_route=\/wp\/v2\/users\/2"}],"replies":[{"embeddable":true,"href":"https:\/\/nova-energija.hr\/index.php?rest_route=%2Fwp%2Fv2%2Fcomments&post=920"}],"version-history":[{"count":2,"href":"https:\/\/nova-energija.hr\/index.php?rest_route=\/wp\/v2\/pages\/920\/revisions"}],"predecessor-version":[{"id":941,"href":"https:\/\/nova-energija.hr\/index.php?rest_route=\/wp\/v2\/pages\/920\/revisions\/941"}],"wp:attachment":[{"href":"https:\/\/nova-energija.hr\/index.php?rest_route=%2Fwp%2Fv2%2Fmedia&parent=920"}],"curies":[{"name":"wp","href":"https:\/\/api.w.org\/{rel}","templated":true}]}}