{"id":96,"date":"2009-01-01T11:36:24","date_gmt":"2009-01-01T09:36:24","guid":{"rendered":"http:\/\/wordpress.boravak.hr\/?page_id=96"},"modified":"2026-03-24T20:40:23","modified_gmt":"2026-03-24T18:40:23","slug":"o-meni","status":"publish","type":"page","link":"https:\/\/nova-energija.hr\/?page_id=96","title":{"rendered":"O meni"},"content":{"rendered":"<p><a href=\"https:\/\/nova-energija.hr\/wp-content\/uploads\/2018\/10\/20170826_123317-1.jpg\"><img decoding=\"async\" loading=\"lazy\" class=\"alignright wp-image-673 size-medium\" src=\"https:\/\/nova-energija.hr\/wp-content\/uploads\/2018\/10\/20170826_123317-1-270x300.jpg\" alt=\"\" width=\"270\" height=\"300\" srcset=\"https:\/\/nova-energija.hr\/wp-content\/uploads\/2018\/10\/20170826_123317-1-270x300.jpg 270w, https:\/\/nova-energija.hr\/wp-content\/uploads\/2018\/10\/20170826_123317-1-768x852.jpg 768w, https:\/\/nova-energija.hr\/wp-content\/uploads\/2018\/10\/20170826_123317-1-923x1024.jpg 923w, https:\/\/nova-energija.hr\/wp-content\/uploads\/2018\/10\/20170826_123317-1.jpg 969w\" sizes=\"(max-width: 270px) 100vw, 270px\" \/><\/a>O meni<\/p>\n<p>U 2008. godini u \u010cakovcu, u podru\u010dju terapeutske djelatnosti koja obuhva\u0107a iscjeliteljski rad u domeni energetske medicine, osnovana je tvrtka \u201eNova energija\u201c. Njezin je osniva\u010d i voditelj Dean Jambro\u0161i\u0107, spiritualni majstor Reikija i u\u010ditelj duhovnog iscjeljivanja.<\/p>\n<p>Na polju energetske medicine, Dean Jambro\u0161i\u0107 je jedini terapeut u Hrvatskoj s obrazovanjem ste\u010denim u Njema\u010dkoj, u \u0161koli Anne H\u00fcbner i Tanje Aeckersberg, jednih od najpoznatijih iscjeliteljica novog doba.<\/p>\n<p>Osnovni dio terapeutske aktivnosti obuhva\u0107a provjerenu metodu ispravljanja ljudskog tijela putem duhovne korekcije spu\u0161tenog zdjeli\u010dnog ustroja. Na taj se na\u010din posti\u017ee izjedna\u010davanje du\u017eine nogu, poravnavanje ramena i atlasa te izravnavanje kralje\u017enice (onoliko koliko tijelo dozvoli). Va\u017eno je naglasiti da se postupak izvodi bez dodirivanja tijela, manipulacije kostima ili bolnih reakcija \u2013 isklju\u010divo snagom inteligentnog duha. Rezultat je uklanjanje uzro\u010dnog lanca svih energetskih blokada na duhovnoj i tjelesnoj razini.<\/p>\n<p>\u201eTakvo je ozdravljenje potrebno svakom \u010dovjeku, bez obzira na uzrok i stupanj oboljenja\u201c, isti\u010de Jambro\u0161i\u0107, poja\u0161njavaju\u0107i kako je ispravljanje kralje\u017enice multidimenzionalno pro\u0161irenje svijesti koje ljudski duh vra\u0107a u prirodni bo\u017eanski poredak. Tijelo se samo na taj na\u010din mo\u017ee dovesti u ravnote\u017eu, a \u017eivotna energija usmjeriti prema mehanizmu ozdravljenja.<\/p>\n<p>Ispravljanje tijela zapravo je ispravljanje duha, \u0161to je temelj cjelovitog zdravlja. Ova se metoda uspje\u0161no primjenjuje i kod du\u0161evnih smetnji, \u017eivotnih kriza te preventivno kod svih dobnih skupina \u2013 od djece do osoba u dubokoj starosti. Kao neposredni dokaz u\u010dinkovitosti, svaka se terapija fotografski dokumentira bilje\u017eenjem razlike u du\u017eini nogu prije i nakon uspostave bo\u017eanskog reda.<\/p>\n<p>Metodom duhovne korekcije pacijenti ve\u0107 nakon prvog tretmana osje\u0107aju znatno psihofizi\u010dko olak\u0161anje. Uspostavom bo\u017eanskog reda \u010desto se mogu izbje\u0107i i operacije na kukovima, kralje\u017enici ili zglobovima.<\/p>\n","protected":false},"excerpt":{"rendered":"<p>O meni U 2008. godini u \u010cakovcu, u podru\u010dju terapeutske djelatnosti koja obuhva\u0107a iscjeliteljski rad u domeni energetske medicine, osnovana je tvrtka \u201eNova energija\u201c. Njezin je osniva\u010d i voditelj Dean Jambro\u0161i\u0107, spiritualni majstor Reikija i u\u010ditelj duhovnog iscjeljivanja. Na polju energetske medicine, Dean Jambro\u0161i\u0107 je jedini terapeut u Hrvatskoj s obrazovanjem ste\u010denim u Njema\u010dkoj, u [&hellip;]<\/p>\n","protected":false},"author":1,"featured_media":0,"parent":0,"menu_order":1,"comment_status":"closed","ping_status":"closed","template":"","meta":{"ngg_post_thumbnail":0},"_links":{"self":[{"href":"https:\/\/nova-energija.hr\/index.php?rest_route=\/wp\/v2\/pages\/96"}],"collection":[{"href":"https:\/\/nova-energija.hr\/index.php?rest_route=\/wp\/v2\/pages"}],"about":[{"href":"https:\/\/nova-energija.hr\/index.php?rest_route=\/wp\/v2\/types\/page"}],"author":[{"embeddable":true,"href":"https:\/\/nova-energija.hr\/index.php?rest_route=\/wp\/v2\/users\/1"}],"replies":[{"embeddable":true,"href":"https:\/\/nova-energija.hr\/index.php?rest_route=%2Fwp%2Fv2%2Fcomments&post=96"}],"version-history":[{"count":24,"href":"https:\/\/nova-energija.hr\/index.php?rest_route=\/wp\/v2\/pages\/96\/revisions"}],"predecessor-version":[{"id":1135,"href":"https:\/\/nova-energija.hr\/index.php?rest_route=\/wp\/v2\/pages\/96\/revisions\/1135"}],"wp:attachment":[{"href":"https:\/\/nova-energija.hr\/index.php?rest_route=%2Fwp%2Fv2%2Fmedia&parent=96"}],"curies":[{"name":"wp","href":"https:\/\/api.w.org\/{rel}","templated":true}]}}